{"id":985,"date":"2020-01-09T15:14:37","date_gmt":"2020-01-09T14:14:37","guid":{"rendered":"http:\/\/jeunespages.org\/?page_id=985"},"modified":"2024-02-10T11:56:12","modified_gmt":"2024-02-10T10:56:12","slug":"on-se-dit-tout","status":"publish","type":"page","link":"https:\/\/jeunespages.org\/index.php\/cette-saison\/on-se-dit-tout\/","title":{"rendered":"On se dit tout"},"content":{"rendered":"\n<div class=\"wp-block-image\"><figure class=\"alignright size-large is-resized\"><img loading=\"lazy\" decoding=\"async\" src=\"https:\/\/jeunespages.org\/wp-content\/uploads\/2021\/06\/presentation-site-950x1024.png\" alt=\"\" class=\"wp-image-2126\" width=\"460\" height=\"496\" srcset=\"https:\/\/jeunespages.org\/wp-content\/uploads\/2021\/06\/presentation-site-950x1024.png 950w, https:\/\/jeunespages.org\/wp-content\/uploads\/2021\/06\/presentation-site-278x300.png 278w, https:\/\/jeunespages.org\/wp-content\/uploads\/2021\/06\/presentation-site-768x828.png 768w, https:\/\/jeunespages.org\/wp-content\/uploads\/2021\/06\/presentation-site.png 1145w\" sizes=\"auto, (max-width: 460px) 100vw, 460px\" \/><\/figure><\/div>\n\n\n\n<p><strong>UN WEBMAGAZINE COLLEGIEN<\/strong><\/p>\n\n\n\n<p><em><a rel=\"noreferrer noopener\" aria-label=\"On se dit tout (s\u2019ouvre dans un nouvel onglet)\" href=\"https:\/\/contactjeunespages.law.blog\/\" target=\"_blank\">On se dit tout<\/a><\/em> est le journal des \u00e9l\u00e8ves du coll\u00e8ge Jean Moulin \u00e0 Paris, dans le 14\u00e8.  Cr\u00e9\u00e9 en novembre 2019 gr\u00e2ce au soutien du Rectorat de Paris, il publie ses premiers articles en janvier 2020.<\/p>\n\n\n\n<p>Son \u00e9quipe de r\u00e9daction se compose d&rsquo;une trentaine de jeunes (de la 6\u00e8 \u00e0 la 3\u00e8), tous volontaires, qui se r\u00e9unissent durant deux heures le mardi en atelier. Ils sont accompagn\u00e9s par leur professeure documentaliste et une intervenante de Jeunes Pages.<\/p>\n\n\n\n<p><strong>En juin 2021, On se dit tout re\u00e7oit le prix \u00ab\u00a0Meilleur journal en ligne\u00a0\u00bb au concours national de presse jeune Kal\u00e9idoscoop.<\/strong><\/p>\n\n\n\n<p class=\"has-text-align-right\">Financement Pass Culture, coll\u00e8ge J. Moulin<\/p>\n","protected":false},"excerpt":{"rendered":"<p>UN WEBMAGAZINE COLLEGIEN On se dit tout est le journal des \u00e9l\u00e8ves du coll\u00e8ge Jean Moulin \u00e0 Paris, dans le 14\u00e8. Cr\u00e9\u00e9 en novembre 2019 gr\u00e2ce au soutien du Rectorat de Paris, il publie ses premiers articles en janvier 2020. Son \u00e9quipe de r\u00e9daction se compose d&rsquo;une trentaine de jeunes (de la 6\u00e8 \u00e0 la &hellip; <\/p>\n<p class=\"link-more\"><a href=\"https:\/\/jeunespages.org\/index.php\/cette-saison\/on-se-dit-tout\/\" class=\"more-link\">Continuer la lecture<span class=\"screen-reader-text\"> de &laquo;&nbsp;On se dit tout&nbsp;&raquo;<\/span><\/a><\/p>\n","protected":false},"author":1,"featured_media":0,"parent":122,"menu_order":0,"comment_status":"closed","ping_status":"closed","template":"","meta":{"ngg_post_thumbnail":0,"iawp_total_views":64,"footnotes":""},"class_list":["post-985","page","type-page","status-publish","hentry"],"_links":{"self":[{"href":"https:\/\/jeunespages.org\/index.php\/wp-json\/wp\/v2\/pages\/985","targetHints":{"allow":["GET"]}}],"collection":[{"href":"https:\/\/jeunespages.org\/index.php\/wp-json\/wp\/v2\/pages"}],"about":[{"href":"https:\/\/jeunespages.org\/index.php\/wp-json\/wp\/v2\/types\/page"}],"author":[{"embeddable":true,"href":"https:\/\/jeunespages.org\/index.php\/wp-json\/wp\/v2\/users\/1"}],"replies":[{"embeddable":true,"href":"https:\/\/jeunespages.org\/index.php\/wp-json\/wp\/v2\/comments?post=985"}],"version-history":[{"count":10,"href":"https:\/\/jeunespages.org\/index.php\/wp-json\/wp\/v2\/pages\/985\/revisions"}],"predecessor-version":[{"id":3894,"href":"https:\/\/jeunespages.org\/index.php\/wp-json\/wp\/v2\/pages\/985\/revisions\/3894"}],"up":[{"embeddable":true,"href":"https:\/\/jeunespages.org\/index.php\/wp-json\/wp\/v2\/pages\/122"}],"wp:attachment":[{"href":"https:\/\/jeunespages.org\/index.php\/wp-json\/wp\/v2\/media?parent=985"}],"curies":[{"name":"wp","href":"https:\/\/api.w.org\/{rel}","templated":true}]}}