{"id":556,"date":"2019-11-01T14:23:24","date_gmt":"2019-11-01T13:23:24","guid":{"rendered":"http:\/\/jeunespages.org\/?page_id=556"},"modified":"2026-04-08T22:52:35","modified_gmt":"2026-04-08T20:52:35","slug":"actu","status":"publish","type":"page","link":"https:\/\/jeunespages.org\/","title":{"rendered":"Actualit\u00e9s"},"content":{"rendered":"\n<p><\/p>\n\n\n\n<div class=\"alignnormal\"><div id=\"metaslider-id-256\" style=\"width: 100%; margin: 0 auto;\" class=\"ml-slider-3-96-0 metaslider metaslider-nivo metaslider-256 ml-slider ms-theme-architekt has-dots-nav\" role=\"region\" aria-roledescription=\"Slideshow\" aria-label=\"New Slideshow\">\n    <div id=\"metaslider_container_256\">\n        <div class='slider-wrapper theme-default'><div class='ribbon'><\/div><div id='metaslider_256' class='nivoSlider'><a href=\"https:\/\/jeunespages.org\/index.php\/tete-de-mathis\/\" target=\"_self\"><img loading=\"lazy\" decoding=\"async\" src=\"https:\/\/jeunespages.org\/wp-content\/uploads\/2026\/04\/Tete-de-Mathis-n\u00b075-site.png\" height=\"2000\" width=\"4000\" title=\"T\u00eate de Mathis n\u00b075 site\" alt=\"\" class=\"slider-256 slide-4662\" \/><\/a><a href=\"https:\/\/jeunespages.org\/index.php\/poesie-a-couperin\/\" target=\"_blank\"><img loading=\"lazy\" decoding=\"async\" src=\"https:\/\/jeunespages.org\/wp-content\/uploads\/2026\/03\/lire-dire-jouer.png\" height=\"2000\" width=\"4000\" title=\"lire, dire, jouer\" alt=\"\" class=\"slider-256 slide-4639\" \/><\/a><a href=\"https:\/\/jeunespages.org\/index.php\/141-journalistes\/\" target=\"_blank\"><img loading=\"lazy\" decoding=\"async\" src=\"https:\/\/jeunespages.org\/wp-content\/uploads\/2026\/03\/141-n\u00b07-site.png\" height=\"2000\" width=\"4000\" title=\"141 n\u00b07 site\" alt=\"\" class=\"slider-256 slide-4643\" \/><\/a><a href=\"https:\/\/jeunespages.org\/index.php\/cette-saison\/on-se-dit-tout\/\" target=\"_self\"><img loading=\"lazy\" decoding=\"async\" src=\"https:\/\/jeunespages.org\/wp-content\/uploads\/2025\/09\/site-2.png\" height=\"2000\" width=\"4000\" title=\"site 2\" alt=\"\" class=\"slider-256 slide-4460\" \/><\/a><a href=\"https:\/\/jeunespages.org\/index.php\/a-voix-vives-poesie\/\" target=\"_blank\"><img loading=\"lazy\" decoding=\"async\" src=\"https:\/\/jeunespages.org\/wp-content\/uploads\/2025\/12\/site.png\" height=\"2000\" width=\"4000\" title=\"site\" alt=\"\" class=\"slider-256 slide-4538\" \/><\/a><a href=\"https:\/\/jeunespages.org\/index.php\/elles-sont-au-service-ecrire-le-travail\/\" target=\"_blank\"><img loading=\"lazy\" decoding=\"async\" src=\"https:\/\/jeunespages.org\/wp-content\/uploads\/2026\/01\/site.png\" height=\"2000\" width=\"4000\" title=\"site\" alt=\"\" class=\"slider-256 slide-4636\" \/><\/a><a href=\"https:\/\/jeunespages.org\/index.php\/adhesion-contact\/\" target=\"_blank\"><img loading=\"lazy\" decoding=\"async\" src=\"https:\/\/jeunespages.org\/wp-content\/uploads\/2026\/02\/Jadhere-2026.png\" height=\"2000\" width=\"4000\" title=\"J&#039;adh\u00e8re 2026\" alt=\"\" class=\"slider-256 slide-4628\" \/><\/a><\/div><\/div>\n        \n    <\/div>\n<\/div><\/div>\n\n\n\n<h2 class=\"wp-block-heading\">Quel est le but de notre association ?<\/h2>\n\n\n\n<p>Guid\u00e9es par les principes de l\u2019\u00e9ducation populaire dont elles se revendiquent, les actions de Jeunes Pages sont centr\u00e9es autour de la lecture et de l\u2019\u00e9criture, dans le souci majeur de donner \u00e0 entendre la parole de celles et ceux qui n\u2019ont pas ou trop peu acc\u00e8s aux moyens de communication mainstream. <\/p>\n\n\n\n<p>Concr\u00e8tement, et pour l\u2019instant, cela veut dire :<\/p>\n\n\n\n<ul class=\"wp-block-list\">\n<li>l\u2019accompagnement d\u2019enfants et adolescents dans la r\u00e9alisation et la diffusion de journaux, \u00e9missions de radio, podcasts <\/li>\n\n\n\n<li>l\u2019animation de \u00ab comit\u00e9s de lecture \u00bb et ateliers autour de la po\u00e9sie contemporaine dans des coll\u00e8ges et lyc\u00e9es<\/li>\n\n\n\n<li>l\u2019organisation de lectures et rencontres tout public autour de la po\u00e9sie contemporaine <\/li>\n\n\n\n<li>la diffusion d\u2019un spectacle centr\u00e9 sur les m\u00e9tiers f\u00e9minins \u00ab invisibilis\u00e9s \u00bb <\/li>\n<\/ul>\n\n\n\n<p>Et comme nous sommes persuad\u00e9s que le plaisir, le jeu, l\u2019autonomie et la co-cr\u00e9ation sont des moteurs essentiels \u00e0 la transformation sociale, nous tentons d\u2019avancer dans une r\u00e9invention et une red\u00e9couverte permanente. C\u2019est la singularit\u00e9 de Jeunes Pages : &nbsp;ne pas avoir de cl\u00e9s d\u2019entr\u00e9e mais les forger ensemble.<\/p>\n","protected":false},"excerpt":{"rendered":"<p>Quel est le but de notre association ? Guid\u00e9es par les principes de l\u2019\u00e9ducation populaire dont elles se revendiquent, les actions de Jeunes Pages sont centr\u00e9es autour de la lecture et de l\u2019\u00e9criture, dans le souci majeur de donner \u00e0 entendre la parole de celles et ceux qui n\u2019ont pas ou trop peu acc\u00e8s aux &hellip; <\/p>\n<p class=\"link-more\"><a href=\"https:\/\/jeunespages.org\/\" class=\"more-link\">Continuer la lecture<span class=\"screen-reader-text\"> de &laquo;&nbsp;Actualit\u00e9s&nbsp;&raquo;<\/span><\/a><\/p>\n","protected":false},"author":1,"featured_media":0,"parent":0,"menu_order":0,"comment_status":"closed","ping_status":"closed","template":"","meta":{"ngg_post_thumbnail":0,"iawp_total_views":705,"footnotes":""},"class_list":["post-556","page","type-page","status-publish","hentry"],"_links":{"self":[{"href":"https:\/\/jeunespages.org\/index.php\/wp-json\/wp\/v2\/pages\/556","targetHints":{"allow":["GET"]}}],"collection":[{"href":"https:\/\/jeunespages.org\/index.php\/wp-json\/wp\/v2\/pages"}],"about":[{"href":"https:\/\/jeunespages.org\/index.php\/wp-json\/wp\/v2\/types\/page"}],"author":[{"embeddable":true,"href":"https:\/\/jeunespages.org\/index.php\/wp-json\/wp\/v2\/users\/1"}],"replies":[{"embeddable":true,"href":"https:\/\/jeunespages.org\/index.php\/wp-json\/wp\/v2\/comments?post=556"}],"version-history":[{"count":22,"href":"https:\/\/jeunespages.org\/index.php\/wp-json\/wp\/v2\/pages\/556\/revisions"}],"predecessor-version":[{"id":4616,"href":"https:\/\/jeunespages.org\/index.php\/wp-json\/wp\/v2\/pages\/556\/revisions\/4616"}],"wp:attachment":[{"href":"https:\/\/jeunespages.org\/index.php\/wp-json\/wp\/v2\/media?parent=556"}],"curies":[{"name":"wp","href":"https:\/\/api.w.org\/{rel}","templated":true}]}}