{"id":4529,"date":"2025-12-03T22:05:54","date_gmt":"2025-12-03T21:05:54","guid":{"rendered":"https:\/\/jeunespages.org\/?page_id=4529"},"modified":"2026-02-09T17:43:46","modified_gmt":"2026-02-09T16:43:46","slug":"a-voix-vives-poesie","status":"publish","type":"page","link":"https:\/\/jeunespages.org\/index.php\/a-voix-vives-poesie\/","title":{"rendered":"A voix vives po\u00e9sie"},"content":{"rendered":"\n<h2 class=\"wp-block-heading\">Rendre la po\u00e9sie contemporaine accessible et vivante, susciter l\u2019app\u00e9tence pour la lecture et l&rsquo;\u00e9criture et accompagner les coll\u00e9gien.nes dans une exp\u00e9rience forte d&rsquo;oralit\u00e9 et de cr\u00e9ation.<\/h2>\n\n\n\n<figure class=\"wp-block-gallery has-nested-images columns-default is-cropped wp-block-gallery-1 is-layout-flex wp-block-gallery-is-layout-flex\">\n<figure class=\"wp-block-image size-large\"><img loading=\"lazy\" decoding=\"async\" width=\"1024\" height=\"1024\" data-id=\"4582\" src=\"https:\/\/jeunespages.org\/wp-content\/uploads\/2026\/02\/0001-1024x1024.jpg\" alt=\"\" class=\"wp-image-4582\" srcset=\"https:\/\/jeunespages.org\/wp-content\/uploads\/2026\/02\/0001-1024x1024.jpg 1024w, https:\/\/jeunespages.org\/wp-content\/uploads\/2026\/02\/0001-300x300.jpg 300w, https:\/\/jeunespages.org\/wp-content\/uploads\/2026\/02\/0001-150x150.jpg 150w, https:\/\/jeunespages.org\/wp-content\/uploads\/2026\/02\/0001-768x768.jpg 768w, https:\/\/jeunespages.org\/wp-content\/uploads\/2026\/02\/0001-100x100.jpg 100w, https:\/\/jeunespages.org\/wp-content\/uploads\/2026\/02\/0001.jpg 1241w\" sizes=\"auto, (max-width: 767px) 89vw, (max-width: 1000px) 54vw, (max-width: 1071px) 543px, 580px\" \/><\/figure>\n\n\n\n<figure class=\"wp-block-image size-large\"><img loading=\"lazy\" decoding=\"async\" width=\"1024\" height=\"1024\" data-id=\"4583\" src=\"https:\/\/jeunespages.org\/wp-content\/uploads\/2026\/02\/Page-1770143433592-1024x1024.jpeg\" alt=\"\" class=\"wp-image-4583\" srcset=\"https:\/\/jeunespages.org\/wp-content\/uploads\/2026\/02\/Page-1770143433592-1024x1024.jpeg 1024w, https:\/\/jeunespages.org\/wp-content\/uploads\/2026\/02\/Page-1770143433592-300x300.jpeg 300w, https:\/\/jeunespages.org\/wp-content\/uploads\/2026\/02\/Page-1770143433592-150x150.jpeg 150w, https:\/\/jeunespages.org\/wp-content\/uploads\/2026\/02\/Page-1770143433592-768x768.jpeg 768w, https:\/\/jeunespages.org\/wp-content\/uploads\/2026\/02\/Page-1770143433592-1536x1536.jpeg 1536w, https:\/\/jeunespages.org\/wp-content\/uploads\/2026\/02\/Page-1770143433592-2048x2048.jpeg 2048w, https:\/\/jeunespages.org\/wp-content\/uploads\/2026\/02\/Page-1770143433592-100x100.jpeg 100w\" sizes=\"auto, (max-width: 767px) 89vw, (max-width: 1000px) 54vw, (max-width: 1071px) 543px, 580px\" \/><\/figure>\n\n\n\n<figure class=\"wp-block-image size-large\"><img loading=\"lazy\" decoding=\"async\" width=\"1024\" height=\"1024\" data-id=\"4584\" src=\"https:\/\/jeunespages.org\/wp-content\/uploads\/2026\/02\/Crouy-publi-2_page-0002-1024x1024.jpg\" alt=\"\" class=\"wp-image-4584\" srcset=\"https:\/\/jeunespages.org\/wp-content\/uploads\/2026\/02\/Crouy-publi-2_page-0002-1024x1024.jpg 1024w, https:\/\/jeunespages.org\/wp-content\/uploads\/2026\/02\/Crouy-publi-2_page-0002-300x300.jpg 300w, https:\/\/jeunespages.org\/wp-content\/uploads\/2026\/02\/Crouy-publi-2_page-0002-150x150.jpg 150w, https:\/\/jeunespages.org\/wp-content\/uploads\/2026\/02\/Crouy-publi-2_page-0002-768x768.jpg 768w, https:\/\/jeunespages.org\/wp-content\/uploads\/2026\/02\/Crouy-publi-2_page-0002-100x100.jpg 100w, https:\/\/jeunespages.org\/wp-content\/uploads\/2026\/02\/Crouy-publi-2_page-0002.jpg 1241w\" sizes=\"auto, (max-width: 767px) 89vw, (max-width: 1000px) 54vw, (max-width: 1071px) 543px, 580px\" \/><\/figure>\n\n\n\n<figure class=\"wp-block-image size-large\"><img loading=\"lazy\" decoding=\"async\" width=\"1024\" height=\"1024\" data-id=\"4585\" src=\"https:\/\/jeunespages.org\/wp-content\/uploads\/2026\/02\/IMG20260202113505-1024x1024.jpg\" alt=\"\" class=\"wp-image-4585\" srcset=\"https:\/\/jeunespages.org\/wp-content\/uploads\/2026\/02\/IMG20260202113505-1024x1024.jpg 1024w, https:\/\/jeunespages.org\/wp-content\/uploads\/2026\/02\/IMG20260202113505-300x300.jpg 300w, https:\/\/jeunespages.org\/wp-content\/uploads\/2026\/02\/IMG20260202113505-150x150.jpg 150w, https:\/\/jeunespages.org\/wp-content\/uploads\/2026\/02\/IMG20260202113505-768x768.jpg 768w, https:\/\/jeunespages.org\/wp-content\/uploads\/2026\/02\/IMG20260202113505-1536x1536.jpg 1536w, https:\/\/jeunespages.org\/wp-content\/uploads\/2026\/02\/IMG20260202113505-2048x2048.jpg 2048w, https:\/\/jeunespages.org\/wp-content\/uploads\/2026\/02\/IMG20260202113505-100x100.jpg 100w\" sizes=\"auto, (max-width: 767px) 89vw, (max-width: 1000px) 54vw, (max-width: 1071px) 543px, 580px\" \/><\/figure>\n\n\n\n<figure class=\"wp-block-image size-large\"><img loading=\"lazy\" decoding=\"async\" width=\"1024\" height=\"1024\" data-id=\"4586\" src=\"https:\/\/jeunespages.org\/wp-content\/uploads\/2026\/02\/0004-1024x1024.jpg\" alt=\"\" class=\"wp-image-4586\" srcset=\"https:\/\/jeunespages.org\/wp-content\/uploads\/2026\/02\/0004-1024x1024.jpg 1024w, https:\/\/jeunespages.org\/wp-content\/uploads\/2026\/02\/0004-300x300.jpg 300w, https:\/\/jeunespages.org\/wp-content\/uploads\/2026\/02\/0004-150x150.jpg 150w, https:\/\/jeunespages.org\/wp-content\/uploads\/2026\/02\/0004-768x768.jpg 768w, https:\/\/jeunespages.org\/wp-content\/uploads\/2026\/02\/0004-100x100.jpg 100w, https:\/\/jeunespages.org\/wp-content\/uploads\/2026\/02\/0004.jpg 1241w\" sizes=\"auto, (max-width: 767px) 89vw, (max-width: 1000px) 54vw, (max-width: 1071px) 543px, 580px\" \/><\/figure>\n\n\n\n<figure class=\"wp-block-image size-large\"><img loading=\"lazy\" decoding=\"async\" width=\"1024\" height=\"1024\" data-id=\"4587\" src=\"https:\/\/jeunespages.org\/wp-content\/uploads\/2026\/02\/IMG_1365-1024x1024.jpg\" alt=\"\" class=\"wp-image-4587\" srcset=\"https:\/\/jeunespages.org\/wp-content\/uploads\/2026\/02\/IMG_1365-1024x1024.jpg 1024w, https:\/\/jeunespages.org\/wp-content\/uploads\/2026\/02\/IMG_1365-300x300.jpg 300w, https:\/\/jeunespages.org\/wp-content\/uploads\/2026\/02\/IMG_1365-150x150.jpg 150w, https:\/\/jeunespages.org\/wp-content\/uploads\/2026\/02\/IMG_1365-768x768.jpg 768w, https:\/\/jeunespages.org\/wp-content\/uploads\/2026\/02\/IMG_1365-1536x1536.jpg 1536w, https:\/\/jeunespages.org\/wp-content\/uploads\/2026\/02\/IMG_1365-2048x2048.jpg 2048w, https:\/\/jeunespages.org\/wp-content\/uploads\/2026\/02\/IMG_1365-100x100.jpg 100w\" sizes=\"auto, (max-width: 767px) 89vw, (max-width: 1000px) 54vw, (max-width: 1071px) 543px, 580px\" \/><\/figure>\n<\/figure>\n\n\n\n<p>En 2026, dans le cadre du projet \u00ab\u00a0A voix vives\u00a0\u00bb initi\u00e9 par la m\u00e9diath\u00e8que d\u00e9partementale de la Seine et Marne, Fabienne Swiatly, autrice, et St\u00e9phanie Rongeot et Anne Marenco, com\u00e9diennes, interviennent dans deux coll\u00e8ges en f\u00e9vrier et avril pendant une semaine \u00ab\u00a0d&rsquo;immersion\u00a0\u00bb dans chacun des \u00e9tablissements retenus (coll\u00e8ge Champivert \u00e0 Crouy sur Ourcq et Marie-Laurencin \u00e0 Ozoir- la- Ferri\u00e8re).<\/p>\n\n\n\n<p class=\"has-text-align-right\"><strong><a href=\"http:\/\/jeunespages.org\/wp-content\/uploads\/2025\/12\/AVV-Projet.pdf\" target=\"_blank\" rel=\"noreferrer noopener\">T\u00e9l\u00e9charger le dossier<\/a><\/strong><\/p>\n","protected":false},"excerpt":{"rendered":"<p>Rendre la po\u00e9sie contemporaine accessible et vivante, susciter l\u2019app\u00e9tence pour la lecture et l&rsquo;\u00e9criture et accompagner les coll\u00e9gien.nes dans une exp\u00e9rience forte d&rsquo;oralit\u00e9 et de cr\u00e9ation. En 2026, dans le cadre du projet \u00ab\u00a0A voix vives\u00a0\u00bb initi\u00e9 par la m\u00e9diath\u00e8que d\u00e9partementale de la Seine et Marne, Fabienne Swiatly, autrice, et St\u00e9phanie Rongeot et Anne Marenco, &hellip; <\/p>\n<p class=\"link-more\"><a href=\"https:\/\/jeunespages.org\/index.php\/a-voix-vives-poesie\/\" class=\"more-link\">Continuer la lecture<span class=\"screen-reader-text\"> de &laquo;&nbsp;A voix vives po\u00e9sie&nbsp;&raquo;<\/span><\/a><\/p>\n","protected":false},"author":1,"featured_media":0,"parent":0,"menu_order":0,"comment_status":"closed","ping_status":"closed","template":"","meta":{"ngg_post_thumbnail":0,"iawp_total_views":14,"footnotes":""},"class_list":["post-4529","page","type-page","status-publish","hentry"],"_links":{"self":[{"href":"https:\/\/jeunespages.org\/index.php\/wp-json\/wp\/v2\/pages\/4529","targetHints":{"allow":["GET"]}}],"collection":[{"href":"https:\/\/jeunespages.org\/index.php\/wp-json\/wp\/v2\/pages"}],"about":[{"href":"https:\/\/jeunespages.org\/index.php\/wp-json\/wp\/v2\/types\/page"}],"author":[{"embeddable":true,"href":"https:\/\/jeunespages.org\/index.php\/wp-json\/wp\/v2\/users\/1"}],"replies":[{"embeddable":true,"href":"https:\/\/jeunespages.org\/index.php\/wp-json\/wp\/v2\/comments?post=4529"}],"version-history":[{"count":6,"href":"https:\/\/jeunespages.org\/index.php\/wp-json\/wp\/v2\/pages\/4529\/revisions"}],"predecessor-version":[{"id":4588,"href":"https:\/\/jeunespages.org\/index.php\/wp-json\/wp\/v2\/pages\/4529\/revisions\/4588"}],"wp:attachment":[{"href":"https:\/\/jeunespages.org\/index.php\/wp-json\/wp\/v2\/media?parent=4529"}],"curies":[{"name":"wp","href":"https:\/\/api.w.org\/{rel}","templated":true}]}}