{"id":4171,"date":"2024-12-14T19:06:35","date_gmt":"2024-12-14T18:06:35","guid":{"rendered":"https:\/\/jeunespages.org\/?page_id=4171"},"modified":"2026-02-09T17:30:35","modified_gmt":"2026-02-09T16:30:35","slug":"elles-sont-au-service-ecrire-le-travail","status":"publish","type":"page","link":"https:\/\/jeunespages.org\/index.php\/elles-sont-au-service-ecrire-le-travail\/","title":{"rendered":"Elles sont au service \/ Dire le travail"},"content":{"rendered":"\n<h3 class=\"wp-block-heading\">Depuis sa cr\u00e9ation en 2019, Jeunes Pages m\u00e8ne diverses actions visant \u00e0 proposer \u00e0 des publics vari\u00e9s de s\u2019initier \u00e0 la lecture des po\u00e8tes d\u2019aujourd\u2019hui, d\u2019interroger \u00e0 travers leurs textes notre perception du r\u00e9el, de les rencontrer et de faire circuler leurs \u0153uvres. <em>Elles sont au service<\/em> est son premier spectacle. <\/h3>\n\n\n\n<p><\/p>\n\n\n\n<ul class=\"wp-block-list\">\n<li><strong>Pochaines dates :<\/strong><\/li>\n\n\n\n<li>vendredi 6 mars,  19h, m\u00e9diath\u00e8que Jules Verne, 2 Rue de Malines, 54500 Vand\u0153uvre-l\u00e8s-Nancy<\/li>\n\n\n\n<li>samedi 7 mars, 18h, m\u00e9diath\u00e8que de Mars lea Tour, 37 rue de Verdun, 54800 Mars la Tour<\/li>\n<\/ul>\n\n\n\n<p class=\"has-text-align-right\"><a href=\"http:\/\/jeunespages.org\/wp-content\/uploads\/2024\/12\/Dosier-V4-OK.pdf\" target=\"_blank\" rel=\"noreferrer noopener\">T\u00e9l\u00e9charger le dossier<\/a> <\/p>\n\n\n\n<div class=\"wp-block-media-text alignwide is-stacked-on-mobile\" style=\"grid-template-columns:53% auto\"><figure class=\"wp-block-media-text__media\"><img loading=\"lazy\" decoding=\"async\" width=\"724\" height=\"1024\" src=\"https:\/\/jeunespages.org\/wp-content\/uploads\/2024\/12\/page-de-garde-V2_page-0001-1-724x1024.jpg\" alt=\"\" class=\"wp-image-4177 size-full\" srcset=\"https:\/\/jeunespages.org\/wp-content\/uploads\/2024\/12\/page-de-garde-V2_page-0001-1-724x1024.jpg 724w, https:\/\/jeunespages.org\/wp-content\/uploads\/2024\/12\/page-de-garde-V2_page-0001-1-212x300.jpg 212w, https:\/\/jeunespages.org\/wp-content\/uploads\/2024\/12\/page-de-garde-V2_page-0001-1-768x1086.jpg 768w, https:\/\/jeunespages.org\/wp-content\/uploads\/2024\/12\/page-de-garde-V2_page-0001-1-1086x1536.jpg 1086w, https:\/\/jeunespages.org\/wp-content\/uploads\/2024\/12\/page-de-garde-V2_page-0001-1.jpg 1241w\" sizes=\"auto, (max-width: 724px) 100vw, 724px\" \/><\/figure><div class=\"wp-block-media-text__content\">\n<h2 class=\"wp-block-heading\"> La pi\u00e8ce <\/h2>\n\n\n\n<p>Une pi\u00e8ce o\u00f9 des femmes au travail, infirmi\u00e8res, institutrices, femmes de m\u00e9nage, prostitu\u00e9es\u2026 triment du tr\u00e8s petit matin \u00e0 une heure tr\u00e8s avanc\u00e9e de la nuit. Fragments de vie de celles qui sont \u201cau service\u201d, comme des instantan\u00e9s cadr\u00e9s serr\u00e9s, sous l&rsquo;\u0153il d&rsquo;une po\u00e8te qui ne juge pas et restitue \u00e0 chacune sa dignit\u00e9. Sens du d\u00e9tail et du langage des corps, chor\u00e9graphie des gestes, aucun pathos. \u00c7a r\u00e2le parfois, \u00e7a lutte, \u00e7a proteste, \u00e7a ne baisse pas les bras. <\/p>\n\n\n\n<h2 class=\"wp-block-heading\">Infos pratiques<\/h2>\n\n\n\n<p>Le spectacle est autonome. Il a pour vocation d&rsquo;\u00eatre jou\u00e9 dans des lieux qui ne sont pas n\u00e9cessairement d\u00e9volus au th\u00e9\u00e2tre : maisons de quartier, bourses du travail, coll\u00e8ges, lyc\u00e9es, biblioth\u00e8ques\u2026<\/p>\n\n\n\n<p>Dur\u00e9e de la repr\u00e9sentation : 50 minutes<\/p>\n<\/div><\/div>\n\n\n\n<div class=\"wp-block-media-text alignwide is-stacked-on-mobile\" style=\"grid-template-columns:53% auto\"><figure class=\"wp-block-media-text__media\"><img loading=\"lazy\" decoding=\"async\" width=\"724\" height=\"1024\" src=\"https:\/\/jeunespages.org\/wp-content\/uploads\/2024\/12\/page-de-garde-dire-le-travail-724x1024.jpg\" alt=\"\" class=\"wp-image-4202 size-full\" srcset=\"https:\/\/jeunespages.org\/wp-content\/uploads\/2024\/12\/page-de-garde-dire-le-travail-724x1024.jpg 724w, https:\/\/jeunespages.org\/wp-content\/uploads\/2024\/12\/page-de-garde-dire-le-travail-212x300.jpg 212w, https:\/\/jeunespages.org\/wp-content\/uploads\/2024\/12\/page-de-garde-dire-le-travail-768x1086.jpg 768w, https:\/\/jeunespages.org\/wp-content\/uploads\/2024\/12\/page-de-garde-dire-le-travail-1086x1536.jpg 1086w, https:\/\/jeunespages.org\/wp-content\/uploads\/2024\/12\/page-de-garde-dire-le-travail.jpg 1241w\" sizes=\"auto, (max-width: 724px) 100vw, 724px\" \/><\/figure><div class=\"wp-block-media-text__content\">\n<h2 class=\"wp-block-heading\">Le projet p\u00e9dagogique<\/h2>\n\n\n\n<p>Travail, quelle r\u00e9alit\u00e9 recouvre le mot pour des adolescents ? Menace, obligation, fantasme, mais aussi \u00e9mancipation, passion, \u00e9panouissement. Travail subi, travail choisi ? Le mot en impose et suscite un grand nombre de sujets possibles, alors tirons le fil de ce que ces adolescents peuvent nous en dire.<\/p>\n\n\n\n<p>En prolongement du spectacle <em>Elles sont au service<\/em>, le projet <em>Dire le travail<\/em> se propose de r\u00e9aliser, avec des coll\u00e9giens ou lyc\u00e9ens, une s\u00e9rie de podcasts au terme de six rendez-vous de cr\u00e9ation et de les diffuser au plus grand nombre (\u00e9l\u00e8ves de leur \u00e9tablissement, parents, membres de l\u2019\u00e9quipe \u00e9ducative, internautes).<\/p>\n\n\n\n<h2 class=\"wp-block-heading\">Infos pratiques<\/h2>\n\n\n\n<p>Le projet est modulable selon les demandes sp\u00e9cifiques des professeur.es et \u00e9tablissements partenaires.<\/p>\n\n\n\n<p>L\u2019association Jeunes Pages, porteuse du projet, est agr\u00e9\u00e9e Pass Culture.<\/p>\n<\/div><\/div>\n\n\n\n<h2 class=\"wp-block-heading has-text-align-right\">Contact<\/h2>\n\n\n\n<p class=\"has-text-align-right\"> Anne Marenco 06 10 51 89 49  \/ St\u00e9phanie Rongeot 06 89 43 38 84 <\/p>\n\n\n\n<p class=\"has-text-align-right\"> <a rel=\"noreferrer noopener\" href=\"mailto:contact@jeunespages.fr\" target=\"_blank\">contact@jeunespages.fr<\/a> <\/p>\n","protected":false},"excerpt":{"rendered":"<p>Depuis sa cr\u00e9ation en 2019, Jeunes Pages m\u00e8ne diverses actions visant \u00e0 proposer \u00e0 des publics vari\u00e9s de s\u2019initier \u00e0 la lecture des po\u00e8tes d\u2019aujourd\u2019hui, d\u2019interroger \u00e0 travers leurs textes notre perception du r\u00e9el, de les rencontrer et de faire circuler leurs \u0153uvres. Elles sont au service est son premier spectacle. T\u00e9l\u00e9charger le dossier La &hellip; <\/p>\n<p class=\"link-more\"><a href=\"https:\/\/jeunespages.org\/index.php\/elles-sont-au-service-ecrire-le-travail\/\" class=\"more-link\">Continuer la lecture<span class=\"screen-reader-text\"> de &laquo;&nbsp;Elles sont au service \/ Dire le travail&nbsp;&raquo;<\/span><\/a><\/p>\n","protected":false},"author":1,"featured_media":0,"parent":0,"menu_order":0,"comment_status":"closed","ping_status":"closed","template":"","meta":{"ngg_post_thumbnail":0,"iawp_total_views":114,"footnotes":""},"class_list":["post-4171","page","type-page","status-publish","hentry"],"_links":{"self":[{"href":"https:\/\/jeunespages.org\/index.php\/wp-json\/wp\/v2\/pages\/4171","targetHints":{"allow":["GET"]}}],"collection":[{"href":"https:\/\/jeunespages.org\/index.php\/wp-json\/wp\/v2\/pages"}],"about":[{"href":"https:\/\/jeunespages.org\/index.php\/wp-json\/wp\/v2\/types\/page"}],"author":[{"embeddable":true,"href":"https:\/\/jeunespages.org\/index.php\/wp-json\/wp\/v2\/users\/1"}],"replies":[{"embeddable":true,"href":"https:\/\/jeunespages.org\/index.php\/wp-json\/wp\/v2\/comments?post=4171"}],"version-history":[{"count":40,"href":"https:\/\/jeunespages.org\/index.php\/wp-json\/wp\/v2\/pages\/4171\/revisions"}],"predecessor-version":[{"id":4580,"href":"https:\/\/jeunespages.org\/index.php\/wp-json\/wp\/v2\/pages\/4171\/revisions\/4580"}],"wp:attachment":[{"href":"https:\/\/jeunespages.org\/index.php\/wp-json\/wp\/v2\/media?parent=4171"}],"curies":[{"name":"wp","href":"https:\/\/api.w.org\/{rel}","templated":true}]}}