{"id":3980,"date":"2024-04-17T14:18:47","date_gmt":"2024-04-17T12:18:47","guid":{"rendered":"https:\/\/jeunespages.org\/?page_id=3980"},"modified":"2024-09-06T19:36:59","modified_gmt":"2024-09-06T17:36:59","slug":"poesie-a-bagnolet","status":"publish","type":"page","link":"https:\/\/jeunespages.org\/index.php\/archives\/poesie-a-bagnolet\/","title":{"rendered":"Po\u00e9sie \u00e0 Bagnolet"},"content":{"rendered":"\n<h2 class=\"wp-block-heading\">En 2024, Jeunes Pages initie un partenariat avec l&rsquo;Universit\u00e9 populaire de Bagnolet.<\/h2>\n\n\n\n<p>Dans le cadre de son cycle th\u00e9matique annuel<em> : Quelles alternatives ? Comment faire autrement<\/em>, Jeunes Pages organise deux soir\u00e9es\/rencontres :<\/p>\n\n\n\n<div class=\"wp-block-media-text alignwide is-stacked-on-mobile\"><figure class=\"wp-block-media-text__media\"><img loading=\"lazy\" decoding=\"async\" width=\"577\" height=\"1024\" src=\"https:\/\/jeunespages.org\/wp-content\/uploads\/2024\/09\/insta_story-577x1024.png\" alt=\"\" class=\"wp-image-4099 size-full\" srcset=\"https:\/\/jeunespages.org\/wp-content\/uploads\/2024\/09\/insta_story-577x1024.png 577w, https:\/\/jeunespages.org\/wp-content\/uploads\/2024\/09\/insta_story-169x300.png 169w, https:\/\/jeunespages.org\/wp-content\/uploads\/2024\/09\/insta_story.png 640w\" sizes=\"auto, (max-width: 577px) 100vw, 577px\" \/><\/figure><div class=\"wp-block-media-text__content\">\n<p>Et si l\u2019exercice po\u00e9tique de nommer le monde, nous permettait de l\u2019envisager autrement\u00a0? <\/p>\n\n\n\n<p> Entrer dans l\u2019atelier du po\u00e8te, o\u00f9 se travaille la mati\u00e8re que sont les mots et la phrase pour dire le r\u00e9el, le monde qui est le n\u00f4tre. Une soir\u00e9e pour entendre et faire entendre la parole des po\u00e8tes au travail, la partager, la lire ensemble. <\/p>\n\n\n\n<p> <em>Autour des textes de Daniel Biga, Albane Gell\u00e9, Val\u00e9rie Rouzeau\u2026<\/em> <em>Avec C\u00e9cile Bouillot, Sylvie Debrun, Geoffroy Guerrier, Fran\u00e7ois Kergourlay, Anne Marenco et Marie-H\u00e9l\u00e8ne Peyresaubes<\/em> <\/p>\n<\/div><\/div>\n\n\n\n<div class=\"wp-block-media-text alignwide is-stacked-on-mobile\"><figure class=\"wp-block-media-text__media\"><img loading=\"lazy\" decoding=\"async\" width=\"577\" height=\"1024\" src=\"https:\/\/jeunespages.org\/wp-content\/uploads\/2024\/09\/Fabienne_story-577x1024.png\" alt=\"\" class=\"wp-image-4100 size-full\" srcset=\"https:\/\/jeunespages.org\/wp-content\/uploads\/2024\/09\/Fabienne_story-577x1024.png 577w, https:\/\/jeunespages.org\/wp-content\/uploads\/2024\/09\/Fabienne_story-169x300.png 169w, https:\/\/jeunespages.org\/wp-content\/uploads\/2024\/09\/Fabienne_story.png 640w\" sizes=\"auto, (max-width: 577px) 100vw, 577px\" \/><\/figure><div class=\"wp-block-media-text__content\">\n<p> Travail, le mot en impose et pourtant il \u0153uvre aussi en po\u00e9sie. Travail subi, travail choisi. Travail vaille que vaille. Un seul mot ne peut contenir tous les sujets qu&rsquo;il soul\u00e8ve alors tirons le fil de ce que la po\u00e9sie contemporaine nous offre comme regard sur le monde du travail. <\/p>\n\n\n\n<p> <em>Lectures crois\u00e9es de po\u00e8mes de Thierry Metz, Joseph Ponthus, Leslie Kaplan, Aur\u00e9lie Olivier, Jane Sauti\u00e8re, Thomas Vinau&#8230; en pr\u00e9sence de l&rsquo;\u00e9crivaine Fabienne Swiatly dont les livres\u00a0Gagner sa vie,\u00a0Umbau\u00a0ou encore\u00a0Elles sont au service\u00a0donnent \u00e0 lire son travail et ceux des autres.<\/em> <em>Avec Claire Aveline, Anne Marenco et St\u00e9phanie Rongeot.<\/em> <\/p>\n<\/div><\/div>\n","protected":false},"excerpt":{"rendered":"<p>En 2024, Jeunes Pages initie un partenariat avec l&rsquo;Universit\u00e9 populaire de Bagnolet. Dans le cadre de son cycle th\u00e9matique annuel : Quelles alternatives ? Comment faire autrement, Jeunes Pages organise deux soir\u00e9es\/rencontres : Et si l\u2019exercice po\u00e9tique de nommer le monde, nous permettait de l\u2019envisager autrement\u00a0? Entrer dans l\u2019atelier du po\u00e8te, o\u00f9 se travaille la &hellip; <\/p>\n<p class=\"link-more\"><a href=\"https:\/\/jeunespages.org\/index.php\/archives\/poesie-a-bagnolet\/\" class=\"more-link\">Continuer la lecture<span class=\"screen-reader-text\"> de &laquo;&nbsp;Po\u00e9sie \u00e0 Bagnolet&nbsp;&raquo;<\/span><\/a><\/p>\n","protected":false},"author":1,"featured_media":0,"parent":74,"menu_order":0,"comment_status":"closed","ping_status":"closed","template":"","meta":{"ngg_post_thumbnail":0,"iawp_total_views":11,"footnotes":""},"class_list":["post-3980","page","type-page","status-publish","hentry"],"_links":{"self":[{"href":"https:\/\/jeunespages.org\/index.php\/wp-json\/wp\/v2\/pages\/3980","targetHints":{"allow":["GET"]}}],"collection":[{"href":"https:\/\/jeunespages.org\/index.php\/wp-json\/wp\/v2\/pages"}],"about":[{"href":"https:\/\/jeunespages.org\/index.php\/wp-json\/wp\/v2\/types\/page"}],"author":[{"embeddable":true,"href":"https:\/\/jeunespages.org\/index.php\/wp-json\/wp\/v2\/users\/1"}],"replies":[{"embeddable":true,"href":"https:\/\/jeunespages.org\/index.php\/wp-json\/wp\/v2\/comments?post=3980"}],"version-history":[{"count":6,"href":"https:\/\/jeunespages.org\/index.php\/wp-json\/wp\/v2\/pages\/3980\/revisions"}],"predecessor-version":[{"id":4101,"href":"https:\/\/jeunespages.org\/index.php\/wp-json\/wp\/v2\/pages\/3980\/revisions\/4101"}],"up":[{"embeddable":true,"href":"https:\/\/jeunespages.org\/index.php\/wp-json\/wp\/v2\/pages\/74"}],"wp:attachment":[{"href":"https:\/\/jeunespages.org\/index.php\/wp-json\/wp\/v2\/media?parent=3980"}],"curies":[{"name":"wp","href":"https:\/\/api.w.org\/{rel}","templated":true}]}}