{"id":3246,"date":"2023-02-18T18:52:15","date_gmt":"2023-02-18T17:52:15","guid":{"rendered":"https:\/\/jeunespages.org\/?page_id=3246"},"modified":"2024-12-18T21:40:55","modified_gmt":"2024-12-18T20:40:55","slug":"les-etablissements","status":"publish","type":"page","link":"https:\/\/jeunespages.org\/index.php\/lassociation\/les-etablissements\/","title":{"rendered":"Les \u00e9tablissements"},"content":{"rendered":"\n<p>2024 &#8211; 2025 Lyc\u00e9e Turquetil, Paris 11e ( Lire, dire, jouer la po\u00e9sie) <\/p>\n\n\n\n<p>2023 &#8211; 2025 El\u00e9mentaire Ourcq B, Paris 19e (journal <em>Syst<\/em>\u00e8<em>me Ourcq<\/em>) \/ Coll\u00e8ge Y. Le Tac, Paris 18<sup>e<\/sup> (journal <em>Sans Fyltre<\/em>)<\/p>\n\n\n\n<p>2022-2025 &#8211; Ecole Grand Yoff 2A, Dakar (journal <em>T\u00eate de Mathis<\/em>) \/ Lyc\u00e9e Lamine Gueye, Dakar  (Radio Battle) <\/p>\n\n\n\n<p>2021-2025 &#8211; Coll\u00e8ge Valmy, Paris 10<sup>e<\/sup> (journal <em>Veni, Vidi, Valmy<\/em>,  Radio Battle)<\/p>\n\n\n\n<p>2019-2025 &#8211; El\u00e9mentaire Mathis, Paris 19<sup>e<\/sup> (journal <em>T\u00eate de Mathis<\/em>) \/ Coll\u00e8ge J. Moulin, Paris 14<sup>e<\/sup> (journal <em>On se dit tout<\/em> \/ Radio Battle \/ Po\u00e9sie et science \/ Lire, dire, jouer la po\u00e9sie)<\/p>\n\n\n\n<p>2010 &#8211; 2025 &#8211; Coll\u00e8ge Couperin, Paris 4e  (Lire, dire, jouer la po\u00e9sie)<\/p>\n\n\n\n<p>2022 &#8211; 2024 &#8211; Coll\u00e8ge Yvonne le Tac, Paris 18e (journal <em>Sans Fyltre<\/em>)<\/p>\n\n\n\n<p>2024 Coll\u00e8ge Cl\u00e9menceau, Paris 18e (Podcasts au jardin)<\/p>\n\n\n\n<p>2023 &#8211; Coll\u00e8ge Pailleron, Paris 19<sup>e<\/sup> (journal <em>Press Pailleron<\/em>)<\/p>\n\n\n\n<p>2018-2023 &#8211; El\u00e9mentaire C. Bernard, Paris 19<sup>e<\/sup> (journal <em>118 Info<\/em>)<\/p>\n\n\n\n<p>2021-2022 &#8211; El\u00e9mentaire Barban\u00e8gre, Paris 19<sup>e<\/sup> ( journal <em>Barbamonde<\/em>) \/ Maternelle 58 Archereau, Paris 19<sup>e<\/sup> (journal <em>Roulade<\/em>) \/ El\u00e9mentaire Carrel, Paris 19<sup>e<\/sup> (journal <em>Carrel aux nouvelles<\/em>)<\/p>\n\n\n\n<p>2010-2022 &#8211; Coll\u00e8ge Montgolfier, Paris 3<sup>e<\/sup> (journal <em>Au Menu du Canard<\/em>, Radio Battle)<\/p>\n\n\n\n<p>2022 &#8211; Maternelle 58 Archereau, Paris 19e (journal <em>Roulade<\/em>)<\/p>\n\n\n\n<p>2019 &#8211; Lyc\u00e9e T. Gautier, Paris 12<sup>e<\/sup> (Radio Battle)<\/p>\n\n\n\n<p><em> <\/em><\/p>\n\n\n\n<p><\/p>\n\n\n\n<p> <\/p>\n\n\n\n<p><\/p>\n\n\n\n<p> <\/p>\n\n\n\n<p> <\/p>\n\n\n\n<p> <\/p>\n\n\n\n<p> <\/p>\n\n\n\n<p> <\/p>\n\n\n\n<p> <\/p>\n\n\n\n<p>&nbsp;<\/p>\n\n\n\n<p>&nbsp;<\/p>\n\n\n\n<p> <\/p>\n\n\n\n<p><\/p>\n\n\n\n<p>&nbsp;<\/p>\n","protected":false},"excerpt":{"rendered":"<p>2024 &#8211; 2025 Lyc\u00e9e Turquetil, Paris 11e ( Lire, dire, jouer la po\u00e9sie) 2023 &#8211; 2025 El\u00e9mentaire Ourcq B, Paris 19e (journal Syst\u00e8me Ourcq) \/ Coll\u00e8ge Y. Le Tac, Paris 18e (journal Sans Fyltre) 2022-2025 &#8211; Ecole Grand Yoff 2A, Dakar (journal T\u00eate de Mathis) \/ Lyc\u00e9e Lamine Gueye, Dakar (Radio Battle) 2021-2025 &#8211; Coll\u00e8ge &hellip; <\/p>\n<p class=\"link-more\"><a href=\"https:\/\/jeunespages.org\/index.php\/lassociation\/les-etablissements\/\" class=\"more-link\">Continuer la lecture<span class=\"screen-reader-text\"> de &laquo;&nbsp;Les \u00e9tablissements&nbsp;&raquo;<\/span><\/a><\/p>\n","protected":false},"author":1,"featured_media":0,"parent":121,"menu_order":0,"comment_status":"closed","ping_status":"closed","template":"","meta":{"ngg_post_thumbnail":0,"iawp_total_views":39,"footnotes":""},"class_list":["post-3246","page","type-page","status-publish","hentry"],"_links":{"self":[{"href":"https:\/\/jeunespages.org\/index.php\/wp-json\/wp\/v2\/pages\/3246","targetHints":{"allow":["GET"]}}],"collection":[{"href":"https:\/\/jeunespages.org\/index.php\/wp-json\/wp\/v2\/pages"}],"about":[{"href":"https:\/\/jeunespages.org\/index.php\/wp-json\/wp\/v2\/types\/page"}],"author":[{"embeddable":true,"href":"https:\/\/jeunespages.org\/index.php\/wp-json\/wp\/v2\/users\/1"}],"replies":[{"embeddable":true,"href":"https:\/\/jeunespages.org\/index.php\/wp-json\/wp\/v2\/comments?post=3246"}],"version-history":[{"count":13,"href":"https:\/\/jeunespages.org\/index.php\/wp-json\/wp\/v2\/pages\/3246\/revisions"}],"predecessor-version":[{"id":4225,"href":"https:\/\/jeunespages.org\/index.php\/wp-json\/wp\/v2\/pages\/3246\/revisions\/4225"}],"up":[{"embeddable":true,"href":"https:\/\/jeunespages.org\/index.php\/wp-json\/wp\/v2\/pages\/121"}],"wp:attachment":[{"href":"https:\/\/jeunespages.org\/index.php\/wp-json\/wp\/v2\/media?parent=3246"}],"curies":[{"name":"wp","href":"https:\/\/api.w.org\/{rel}","templated":true}]}}