{"id":289,"date":"2019-10-24T00:19:19","date_gmt":"2019-10-23T22:19:19","guid":{"rendered":"http:\/\/jeunespages.org\/?page_id=289"},"modified":"2026-03-18T14:48:17","modified_gmt":"2026-03-18T13:48:17","slug":"poesie-a-couperin","status":"publish","type":"page","link":"https:\/\/jeunespages.org\/index.php\/poesie-a-couperin\/","title":{"rendered":"Lire, dire, jouer la po\u00e9sie"},"content":{"rendered":"\n<div class=\"wp-block-media-text alignwide is-stacked-on-mobile\" style=\"grid-template-columns:51% auto\"><figure class=\"wp-block-media-text__media\"><img loading=\"lazy\" decoding=\"async\" width=\"1024\" height=\"1024\" src=\"http:\/\/jeunespages.org\/wp-content\/uploads\/2019\/11\/IMG_0814-1-1024x1024.jpg\" alt=\"\" class=\"wp-image-584 size-full\" srcset=\"https:\/\/jeunespages.org\/wp-content\/uploads\/2019\/11\/IMG_0814-1-1024x1024.jpg 1024w, https:\/\/jeunespages.org\/wp-content\/uploads\/2019\/11\/IMG_0814-1-150x150.jpg 150w, https:\/\/jeunespages.org\/wp-content\/uploads\/2019\/11\/IMG_0814-1-300x300.jpg 300w, https:\/\/jeunespages.org\/wp-content\/uploads\/2019\/11\/IMG_0814-1-768x768.jpg 768w, https:\/\/jeunespages.org\/wp-content\/uploads\/2019\/11\/IMG_0814-1-100x100.jpg 100w\" sizes=\"auto, (max-width: 767px) 89vw, (max-width: 1000px) 54vw, (max-width: 1071px) 543px, 580px\" \/><\/figure><div class=\"wp-block-media-text__content\">\n<p>Jeunes Pages intervient cette saison au coll\u00e8ge Couperin (Paris Centre), avec une classe de 6e, et au lyc\u00e9e Turquetil (Paris 11e) avec une classe UP2A d&rsquo;\u00e9l\u00e8ves non francophones, sur un projet de comit\u00e9 de lecture autour de la po\u00e9sie contemporaine : trois textes d&rsquo;auteurs vivants sont propos\u00e9s aux \u00e9l\u00e8ves dont la lecture est accompagn\u00e9e, tout au long de l&rsquo;ann\u00e9e par une com\u00e9dienne professionnelle.<\/p>\n\n\n\n<p>Les s\u00e9ances de travail alternent mise en voix et d\u00e9bat sur les textes et aboutissent en fin d&rsquo;ann\u00e9e au choix, par les \u00e9l\u00e8ves, du livre dont ils pr\u00e9senteront une restitution publique et dont ils rencontreront l&rsquo;auteur.<\/p>\n\n\n\n<p>S\u00e9lection des textes pour l&rsquo;ann\u00e9e 2025-2026 : Fanny Chiarello, <em>Extrasystoles<\/em>, (Les carnets du dessert de lune), Antoine Mouton, <em>Au Nord tes parents<\/em> (La Contre-all\u00e9e), Hortense Raynal, <em>Bouche fumier<\/em>, (\u00e9ditions Cambourakis), Jean-Christophe Ribeyre, <em>Des oiseaux plein la voix<\/em> (L&rsquo;ail des ours), Fabienne Swiatly, <em>Aujourd&rsquo;hui<\/em>, (ed. Petit Va)<\/p>\n\n\n\n<p class=\"has-text-align-right\"><strong><a href=\"http:\/\/jeunespages.org\/wp-content\/uploads\/2024\/09\/Lire-dire-jouer-la-poesie.pdf\" target=\"_blank\" rel=\"noreferrer noopener\">T\u00e9l\u00e9charger la \u00ab\u00a0fiche action\u00a0\u00bb<\/a><\/strong><\/p>\n<\/div><\/div>\n\n\n\n<hr class=\"wp-block-separator has-css-opacity\"\/>\n\n\n\n<div class=\"wp-block-media-text alignwide is-stacked-on-mobile\"><figure class=\"wp-block-media-text__media\"><img loading=\"lazy\" decoding=\"async\" width=\"1024\" height=\"1024\" src=\"http:\/\/jeunespages.org\/wp-content\/uploads\/2019\/11\/P1220964-1024x1024.jpg\" alt=\"\" class=\"wp-image-587 size-full\" srcset=\"https:\/\/jeunespages.org\/wp-content\/uploads\/2019\/11\/P1220964-1024x1024.jpg 1024w, https:\/\/jeunespages.org\/wp-content\/uploads\/2019\/11\/P1220964-150x150.jpg 150w, https:\/\/jeunespages.org\/wp-content\/uploads\/2019\/11\/P1220964-300x300.jpg 300w, https:\/\/jeunespages.org\/wp-content\/uploads\/2019\/11\/P1220964-768x768.jpg 768w, https:\/\/jeunespages.org\/wp-content\/uploads\/2019\/11\/P1220964-100x100.jpg 100w, https:\/\/jeunespages.org\/wp-content\/uploads\/2019\/11\/P1220964.jpg 1456w\" sizes=\"auto, (max-width: 767px) 89vw, (max-width: 1000px) 54vw, (max-width: 1071px) 543px, 580px\" \/><\/figure><div class=\"wp-block-media-text__content\">\n<p>Depuis 2010, ces comit\u00e9s ont permis aux \u00e9l\u00e8ves de d\u00e9couvrir, entre autres, les textes d&rsquo;<strong>Edith Azam<\/strong> (<em>Po\u00e8mes en peluche <\/em> &#8211; Le Port a jauni), d&rsquo;<strong>Armand le po\u00e8te<\/strong> (<em>Amour toujours<\/em> et <em>Manifeste pour habit\u00e9 la lune<\/em> &#8211; ed. Gros textes), <strong>Bernard Bretonni\u00e8re<\/strong> (<em>D\u2019<\/em> \u2013 ed. Color Gang), <strong>R\u00e9mi Checcetto<\/strong> (<em><em>Confiotes<\/em><\/em> &#8211; Editions de l&rsquo;Attente), <strong>Fanny Chiarello<\/strong> (<em>La fin du chocolat<\/em> \u2013 ed. Les carnets du dessert de Lune), <strong>Fr\u00e9d\u00e9ric Forte<\/strong> (<em>Comment(s)<\/em> \u2013 ed. de l\u2019Attente et <em>99 notes pr\u00e9paratoires \u00e0 l&rsquo;id\u00e9e du Nord <\/em>&#8211; Les Mille Univers, <em><em>Nous allons perdre deux minutes de lumi\u00e8re<\/em><\/em> &#8211; POL, <em>Po\u00e8mes isol\u00e9s<\/em> &#8211; Petit va), <strong>Albane Gell\u00e9<\/strong> (<em>Eau<\/em>-Cheyne \u00e9diteur, <em>Cher animal<\/em>, La Rumeur libre \u00e9ditions), <strong>Mathieu Gosztola<\/strong> (<em>La Face de l\u2019animal<\/em> \u2013 ed. du Revif), <strong>Laurent Grisel<\/strong> (<em>Climats, \u00e9pop\u00e9e<\/em> &#8211; \u00e9ditions publie.net), <strong>Golan Haji<\/strong> (<em>Les tireurs sportifs<\/em>-Le port a jauni), <strong>Natyot<\/strong> (<em>ils d\u00e9faut de langue<\/em> &#8211; La Boucherie litt\u00e9raire), <strong>Sylvie N\u00e8ve<\/strong> (<em>Barbe-bleue<\/em> \u2013 ed. Trouv\u00e8res et compagnie), <strong>Val\u00e9rie Rouzeau<\/strong> (<em>Pas Revoir<\/em> -ed. La Petite Vermillon), <strong>Pierre Soletti <\/strong>(<em>Je travaille pas<\/em> &#8211; ed. Petit Va, <em>Po\u00e8mes pour affronter<\/em>-Le port a jauni), <strong>Fabienne Swiatly<\/strong> (<em>Cheval magnifique<\/em> et <em>Aujourd&rsquo;hui<\/em> &#8211; ed. Petit Va, <em>M\u00e8re \u00e9l\u00e9phante<\/em> &#8211; Editions des Lisi\u00e8res, <em>On n&rsquo;est pas des bourgeois <\/em>&#8211; Editions Bruno Doucey)) , <strong>Yannick Torlini<\/strong> (<em>Nous avons march\u00e9<\/em> \u2013 ed. Al Dente), <strong>Nicolas Vargas<\/strong> (<em>VHS<\/em> et <em>Presque pas<\/em> -ed. Lanskine), <strong>Laurence Vielle <\/strong>(<em>Ouf<\/em> &#8211; Ma\u00eblstrom \u00e9ditions), <strong>Thomas Vinau <\/strong>(<em>Des Salades<\/em> &#8211; Donner \u00e0 voir)<\/p>\n\n\n\n<p><\/p>\n\n\n\n<p><\/p>\n<\/div><\/div>\n\n\n\n<p class=\"has-text-align-center\"><strong>ECOUTER LES TEXTES ENREGISTRES<\/strong><\/p>\n\n\n\n<figure class=\"wp-block-audio\"><audio controls src=\"http:\/\/jeunespages.org\/wp-content\/uploads\/2019\/11\/2019.04.16-Nous-avons-march\u00e9-Couperin.mp3\"><\/audio><figcaption class=\"wp-element-caption\">Nous avons march\u00e9 \/ Yannick Torlini <\/figcaption><\/figure>\n\n\n\n<figure class=\"wp-block-audio\"><audio controls src=\"http:\/\/jeunespages.org\/wp-content\/uploads\/2019\/11\/VHS.mp3\"><\/audio><figcaption class=\"wp-element-caption\">VHS &#8211; Nicolas Vargas<\/figcaption><\/figure>\n\n\n\n<figure class=\"wp-block-audio\"><audio controls src=\"https:\/\/jeunespages.org\/wp-content\/uploads\/2024\/12\/Des-salades-ok.mp3\"><\/audio><figcaption class=\"wp-element-caption\">Des Salades &#8211; Thomas Vinau<\/figcaption><\/figure>\n","protected":false},"excerpt":{"rendered":"<p>Jeunes Pages intervient cette saison au coll\u00e8ge Couperin (Paris Centre), avec une classe de 6e, et au lyc\u00e9e Turquetil (Paris 11e) avec une classe UP2A d&rsquo;\u00e9l\u00e8ves non francophones, sur un projet de comit\u00e9 de lecture autour de la po\u00e9sie contemporaine : trois textes d&rsquo;auteurs vivants sont propos\u00e9s aux \u00e9l\u00e8ves dont la lecture est accompagn\u00e9e, tout &hellip; <\/p>\n<p class=\"link-more\"><a href=\"https:\/\/jeunespages.org\/index.php\/poesie-a-couperin\/\" class=\"more-link\">Continuer la lecture<span class=\"screen-reader-text\"> de &laquo;&nbsp;Lire, dire, jouer la po\u00e9sie&nbsp;&raquo;<\/span><\/a><\/p>\n","protected":false},"author":1,"featured_media":0,"parent":0,"menu_order":0,"comment_status":"closed","ping_status":"closed","template":"","meta":{"ngg_post_thumbnail":0,"iawp_total_views":41,"footnotes":""},"class_list":["post-289","page","type-page","status-publish","hentry"],"_links":{"self":[{"href":"https:\/\/jeunespages.org\/index.php\/wp-json\/wp\/v2\/pages\/289","targetHints":{"allow":["GET"]}}],"collection":[{"href":"https:\/\/jeunespages.org\/index.php\/wp-json\/wp\/v2\/pages"}],"about":[{"href":"https:\/\/jeunespages.org\/index.php\/wp-json\/wp\/v2\/types\/page"}],"author":[{"embeddable":true,"href":"https:\/\/jeunespages.org\/index.php\/wp-json\/wp\/v2\/users\/1"}],"replies":[{"embeddable":true,"href":"https:\/\/jeunespages.org\/index.php\/wp-json\/wp\/v2\/comments?post=289"}],"version-history":[{"count":42,"href":"https:\/\/jeunespages.org\/index.php\/wp-json\/wp\/v2\/pages\/289\/revisions"}],"predecessor-version":[{"id":4647,"href":"https:\/\/jeunespages.org\/index.php\/wp-json\/wp\/v2\/pages\/289\/revisions\/4647"}],"wp:attachment":[{"href":"https:\/\/jeunespages.org\/index.php\/wp-json\/wp\/v2\/media?parent=289"}],"curies":[{"name":"wp","href":"https:\/\/api.w.org\/{rel}","templated":true}]}}