{"id":189,"date":"2019-10-21T13:58:15","date_gmt":"2019-10-21T11:58:15","guid":{"rendered":"http:\/\/jeunespages.org\/?page_id=189"},"modified":"2024-02-09T17:40:39","modified_gmt":"2024-02-09T16:40:39","slug":"faire-une-expo-photo","status":"publish","type":"page","link":"https:\/\/jeunespages.org\/index.php\/faire-une-expo-photo\/","title":{"rendered":"Faire autre chose"},"content":{"rendered":"\n<h3 class=\"wp-block-heading\"> Et si vous travailliez avec nous ?  <\/h3>\n\n\n\n<p>Nous avons tou.te.s des id\u00e9es en gestation,  des projets embryonnaires, des envies de construire. Mais, seuls, il nous est difficile de mettre en \u0153uvre ces projets, voire m\u00eame de les \u00e9laborer. C\u2019est pour cela que nous pouvons nous associer. Pour \u00eatre ensemble, pour apprendre les uns des autres, pour renforcer nos possibilit\u00e9s. <\/p>\n\n\n\n<p>Au cours de ses ann\u00e9es de travail, Jeunes Pages a acquis une certaine expertise dans les domaines qui sont les siens, et ces domaines peuvent \u00eatre compl\u00e9mentaires des v\u00f4tres.<\/p>\n\n\n\n<p>Sans certitude mais pleins d\u2019entrain, nous attendons de frotter nos pens\u00e9es aux v\u00f4tres pour polir un monde meilleur. <\/p>\n\n\n\n<figure class=\"wp-block-image size-large\"><a href=\"https:\/\/jeunespages.org\/index.php\/poesie-a-couperin\/contact\/\"><img loading=\"lazy\" decoding=\"async\" width=\"1024\" height=\"74\" src=\"http:\/\/jeunespages.org\/wp-content\/uploads\/2024\/02\/nous-contacter-1024x74.png\" alt=\"\" class=\"wp-image-3808\" srcset=\"https:\/\/jeunespages.org\/wp-content\/uploads\/2024\/02\/nous-contacter-1024x74.png 1024w, https:\/\/jeunespages.org\/wp-content\/uploads\/2024\/02\/nous-contacter-300x22.png 300w, https:\/\/jeunespages.org\/wp-content\/uploads\/2024\/02\/nous-contacter-768x56.png 768w, https:\/\/jeunespages.org\/wp-content\/uploads\/2024\/02\/nous-contacter-1536x111.png 1536w, https:\/\/jeunespages.org\/wp-content\/uploads\/2024\/02\/nous-contacter.png 1549w\" sizes=\"auto, (max-width: 767px) 89vw, (max-width: 1000px) 54vw, (max-width: 1071px) 543px, 580px\" \/><\/a><\/figure>\n","protected":false},"excerpt":{"rendered":"<p>Et si vous travailliez avec nous ? Nous avons tou.te.s des id\u00e9es en gestation, des projets embryonnaires, des envies de construire. Mais, seuls, il nous est difficile de mettre en \u0153uvre ces projets, voire m\u00eame de les \u00e9laborer. C\u2019est pour cela que nous pouvons nous associer. Pour \u00eatre ensemble, pour apprendre les uns des autres, &hellip; <\/p>\n<p class=\"link-more\"><a href=\"https:\/\/jeunespages.org\/index.php\/faire-une-expo-photo\/\" class=\"more-link\">Continuer la lecture<span class=\"screen-reader-text\"> de &laquo;&nbsp;Faire autre chose&nbsp;&raquo;<\/span><\/a><\/p>\n","protected":false},"author":1,"featured_media":0,"parent":0,"menu_order":0,"comment_status":"closed","ping_status":"closed","template":"","meta":{"ngg_post_thumbnail":0,"iawp_total_views":9,"footnotes":""},"class_list":["post-189","page","type-page","status-publish","hentry"],"_links":{"self":[{"href":"https:\/\/jeunespages.org\/index.php\/wp-json\/wp\/v2\/pages\/189","targetHints":{"allow":["GET"]}}],"collection":[{"href":"https:\/\/jeunespages.org\/index.php\/wp-json\/wp\/v2\/pages"}],"about":[{"href":"https:\/\/jeunespages.org\/index.php\/wp-json\/wp\/v2\/types\/page"}],"author":[{"embeddable":true,"href":"https:\/\/jeunespages.org\/index.php\/wp-json\/wp\/v2\/users\/1"}],"replies":[{"embeddable":true,"href":"https:\/\/jeunespages.org\/index.php\/wp-json\/wp\/v2\/comments?post=189"}],"version-history":[{"count":13,"href":"https:\/\/jeunespages.org\/index.php\/wp-json\/wp\/v2\/pages\/189\/revisions"}],"predecessor-version":[{"id":3830,"href":"https:\/\/jeunespages.org\/index.php\/wp-json\/wp\/v2\/pages\/189\/revisions\/3830"}],"wp:attachment":[{"href":"https:\/\/jeunespages.org\/index.php\/wp-json\/wp\/v2\/media?parent=189"}],"curies":[{"name":"wp","href":"https:\/\/api.w.org\/{rel}","templated":true}]}}