{"id":1775,"date":"2020-12-31T15:06:30","date_gmt":"2020-12-31T14:06:30","guid":{"rendered":"http:\/\/jeunespages.org\/?page_id=1775"},"modified":"2025-07-07T13:36:59","modified_gmt":"2025-07-07T11:36:59","slug":"bilans-dactivite","status":"publish","type":"page","link":"https:\/\/jeunespages.org\/index.php\/lassociation\/bilans-dactivite\/","title":{"rendered":"Bilans d&rsquo;activit\u00e9"},"content":{"rendered":"\n<div class=\"wp-block-media-text alignwide is-stacked-on-mobile\"><figure class=\"wp-block-media-text__media\"><img loading=\"lazy\" decoding=\"async\" width=\"923\" height=\"1024\" src=\"https:\/\/jeunespages.org\/wp-content\/uploads\/2025\/07\/2024-25-en-chiffres-923x1024.png\" alt=\"\" class=\"wp-image-4426 size-full\" srcset=\"https:\/\/jeunespages.org\/wp-content\/uploads\/2025\/07\/2024-25-en-chiffres-923x1024.png 923w, https:\/\/jeunespages.org\/wp-content\/uploads\/2025\/07\/2024-25-en-chiffres-271x300.png 271w, https:\/\/jeunespages.org\/wp-content\/uploads\/2025\/07\/2024-25-en-chiffres-768x852.png 768w, https:\/\/jeunespages.org\/wp-content\/uploads\/2025\/07\/2024-25-en-chiffres-1385x1536.png 1385w, https:\/\/jeunespages.org\/wp-content\/uploads\/2025\/07\/2024-25-en-chiffres.png 1440w\" sizes=\"auto, (max-width: 767px) 89vw, (max-width: 1000px) 54vw, (max-width: 1071px) 543px, 580px\" \/><\/figure><div class=\"wp-block-media-text__content\">\n<p>Pour t\u00e9l\u00e9charger<\/p>\n\n\n\n<p>le bilan 2024-25, cliquez <strong><a href=\"http:\/\/jeunespages.org\/wp-content\/uploads\/2025\/07\/bilan-24-25.pdf\" target=\"_blank\" rel=\"noreferrer noopener\">ICI<\/a><\/strong><\/p>\n\n\n\n<p> <span style=\"font-size: revert;\">le bilan d&rsquo;activit\u00e9 saison 2023-24, cliquez <\/span><strong style=\"font-size: revert;\"><a rel=\"noreferrer noopener\" href=\"http:\/\/jeunespages.org\/wp-content\/uploads\/2024\/09\/bilan-2023-24.pdf\" target=\"_blank\">ICI<\/a><\/strong><\/p>\n\n\n\n<p><span style=\"font-size: revert;\">le bilan d&rsquo;activit\u00e9 saison 2022-23, cliquez <\/span><a rel=\"noreferrer noopener\" style=\"font-size: revert;\" href=\"http:\/\/jeunespages.org\/wp-content\/uploads\/2023\/11\/bilan-2022-23.pdf\" target=\"_blank\"><strong>ICI<\/strong><\/a><\/p>\n\n\n\n<p><span style=\"font-size: revert;\">le bilan saison 2021-22, cliquez <\/span><strong style=\"font-size: revert;\"><a rel=\"noreferrer noopener\" href=\"http:\/\/jeunespages.org\/wp-content\/uploads\/2022\/12\/bilan-2021-22.pdf\" target=\"_blank\">ICI<\/a><\/strong><\/p>\n\n\n\n<p><span style=\"font-size: revert;\">le bilan d&rsquo;activit\u00e9 saison 2020-2021, cliquez <\/span><strong style=\"font-size: revert;\"><a rel=\"noreferrer noopener\" href=\"http:\/\/jeunespages.org\/wp-content\/uploads\/2021\/09\/bilan-20-21.pdf\" target=\"_blank\">ICI<\/a><\/strong><\/p>\n\n\n\n<p><span style=\"font-size: revert;\">le bilan d&rsquo;activit\u00e9 2020, cliquez <\/span><a rel=\"noreferrer noopener\" style=\"font-size: revert;\" href=\"http:\/\/jeunespages.org\/wp-content\/uploads\/2020\/12\/bilan-2020-2.pdf\" target=\"_blank\"><strong>ICI<\/strong><\/a> <\/p>\n<\/div><\/div>\n\n\n\n<p><\/p>\n","protected":false},"excerpt":{"rendered":"<p>Pour t\u00e9l\u00e9charger le bilan 2024-25, cliquez ICI le bilan d&rsquo;activit\u00e9 saison 2023-24, cliquez ICI le bilan d&rsquo;activit\u00e9 saison 2022-23, cliquez ICI le bilan saison 2021-22, cliquez ICI le bilan d&rsquo;activit\u00e9 saison 2020-2021, cliquez ICI le bilan d&rsquo;activit\u00e9 2020, cliquez ICI<\/p>\n","protected":false},"author":1,"featured_media":0,"parent":121,"menu_order":0,"comment_status":"closed","ping_status":"closed","template":"","meta":{"ngg_post_thumbnail":0,"iawp_total_views":13,"footnotes":""},"class_list":["post-1775","page","type-page","status-publish","hentry"],"_links":{"self":[{"href":"https:\/\/jeunespages.org\/index.php\/wp-json\/wp\/v2\/pages\/1775","targetHints":{"allow":["GET"]}}],"collection":[{"href":"https:\/\/jeunespages.org\/index.php\/wp-json\/wp\/v2\/pages"}],"about":[{"href":"https:\/\/jeunespages.org\/index.php\/wp-json\/wp\/v2\/types\/page"}],"author":[{"embeddable":true,"href":"https:\/\/jeunespages.org\/index.php\/wp-json\/wp\/v2\/users\/1"}],"replies":[{"embeddable":true,"href":"https:\/\/jeunespages.org\/index.php\/wp-json\/wp\/v2\/comments?post=1775"}],"version-history":[{"count":15,"href":"https:\/\/jeunespages.org\/index.php\/wp-json\/wp\/v2\/pages\/1775\/revisions"}],"predecessor-version":[{"id":4427,"href":"https:\/\/jeunespages.org\/index.php\/wp-json\/wp\/v2\/pages\/1775\/revisions\/4427"}],"up":[{"embeddable":true,"href":"https:\/\/jeunespages.org\/index.php\/wp-json\/wp\/v2\/pages\/121"}],"wp:attachment":[{"href":"https:\/\/jeunespages.org\/index.php\/wp-json\/wp\/v2\/media?parent=1775"}],"curies":[{"name":"wp","href":"https:\/\/api.w.org\/{rel}","templated":true}]}}