{"id":177,"date":"2019-10-21T13:57:33","date_gmt":"2019-10-21T11:57:33","guid":{"rendered":"http:\/\/jeunespages.org\/?page_id=177"},"modified":"2026-02-09T19:13:53","modified_gmt":"2026-02-09T18:13:53","slug":"faire-de-la-poesie","status":"publish","type":"page","link":"https:\/\/jeunespages.org\/index.php\/faire-de-la-poesie\/","title":{"rendered":"Partager la po\u00e9sie"},"content":{"rendered":"\n<h3 class=\"wp-block-heading\"> Malgr\u00e9 le peu de place qui lui est accord\u00e9 sur la \u00ab&nbsp;sc\u00e8ne litt\u00e9raire&nbsp;\u00bb, la po\u00e9sie contemporaine est vivante et diverse, refl\u00e9tant dans la multiplicit\u00e9 des formes qu\u2019elle exp\u00e9rimente, la complexit\u00e9 du monde qui est le n\u00f4tre.    \u00ab&nbsp;Partager la po\u00e9sie&nbsp;\u00bb, c\u2019est se confronter \u00e0 la lecture des po\u00e8tes d\u2019aujourd\u2019hui, interroger \u00e0 travers leurs textes notre perception du r\u00e9el, faire circuler leurs \u0153uvres.  <\/h3>\n\n\n\n<h2 class=\"wp-block-heading\">On en est o\u00f9 avec la po\u00e9sie ? Un atelier d&rsquo;initiation \u00e0 la po\u00e9sie contemporaine<\/h2>\n\n\n\n<p>1 s\u00e9ance de 2h, au coll\u00e8ge ou au lyc\u00e9e<\/p>\n\n\n\n<div class=\"wp-block-media-text alignwide is-stacked-on-mobile\" style=\"grid-template-columns:33% auto\"><figure class=\"wp-block-media-text__media\"><img loading=\"lazy\" decoding=\"async\" width=\"1024\" height=\"1024\" src=\"https:\/\/jeunespages.org\/wp-content\/uploads\/2026\/02\/IMG20260202113505-1-1024x1024.jpg\" alt=\"\" class=\"wp-image-4608 size-full\" srcset=\"https:\/\/jeunespages.org\/wp-content\/uploads\/2026\/02\/IMG20260202113505-1-1024x1024.jpg 1024w, https:\/\/jeunespages.org\/wp-content\/uploads\/2026\/02\/IMG20260202113505-1-300x300.jpg 300w, https:\/\/jeunespages.org\/wp-content\/uploads\/2026\/02\/IMG20260202113505-1-150x150.jpg 150w, https:\/\/jeunespages.org\/wp-content\/uploads\/2026\/02\/IMG20260202113505-1-768x768.jpg 768w, https:\/\/jeunespages.org\/wp-content\/uploads\/2026\/02\/IMG20260202113505-1-1536x1536.jpg 1536w, https:\/\/jeunespages.org\/wp-content\/uploads\/2026\/02\/IMG20260202113505-1-2048x2048.jpg 2048w, https:\/\/jeunespages.org\/wp-content\/uploads\/2026\/02\/IMG20260202113505-1-100x100.jpg 100w\" sizes=\"auto, (max-width: 767px) 89vw, (max-width: 1000px) 54vw, (max-width: 1071px) 543px, 580px\" \/><\/figure><div class=\"wp-block-media-text__content\">\n<p><strong>Rendre la po\u00e9sie contemporaine accessible aux coll\u00e9gien.nes et lyc\u00e9en.es pour en susciter l\u2019app\u00e9tence et les accompagner dans une exp\u00e9rience forte, via la d\u00e9couverte de textes, leur mise en voix et la construction commune d\u2019une interpr\u00e9tation partag\u00e9e.<\/strong><\/p>\n\n\n\n<p>La s\u00e9ance de travail alternera \u00e9changes et d\u00e9bats et lecture de textes propos\u00e9s par les intervenantes et permettront d\u2019aborder diverses questions.<\/p>\n\n\n\n<ul class=\"wp-block-list\">\n<li><strong>Quelle perception les \u00e9l\u00e8ves ont-ils de la po\u00e9sie ?<\/strong> Quels sont les po\u00e8tes qu\u2019ils connaissent ? Quels textes ou extraits de textes leur reste-t-il en m\u00e9moire ? Pourquoi si peu de contemporains ? Pourquoi si peu de femmes ?<\/li>\n<\/ul>\n\n\n\n<ul class=\"wp-block-list\">\n<li><strong>Qu\u2019appelle-t-on la cha\u00eene du livre ? Comment un.e auteur.ice vit-il, vit-elle aujourd\u2019hui ?<\/strong><\/li>\n\n\n\n<li><strong>Pr\u00e9sentation de divers livres<\/strong> : on les touche, on les feuillette, on observe la mise en page\u2026 Qu\u2019est-ce qui \u201ddonne envie\u201d ? Celles et ceux qui le veulent choisissent un po\u00e8me \u201dqui leur parle\u201d et le lisent \u00e0 leurs camarades<\/li>\n\n\n\n<li><strong>Mise en voix et m\u00e9morisation d\u2019un texte (court) <\/strong>dont les \u00e9l\u00e8ves deviendront les \u201cpasseuses\u201d et les \u201cpasseurs\u201d.  ravail du ch\u0153ur, posture, gestuelle\u2026 Battre en br\u00e8che les id\u00e9es re\u00e7ues sur le \u201cton\u201d qu\u2019il faudrait mettre : dire la po\u00e9sie, c\u2019est se planter sur ses deux jambes, y \u00eatre physiquement, \u00e9nergiquement engag\u00e9, presque sportivement.<\/li>\n<\/ul>\n<\/div><\/div>\n\n\n\n<p>Ce projet est \u00e9ligible au Pass Culture<\/p>\n\n\n\n<h2 class=\"wp-block-heading\">Lire, dire, jouer la po\u00e9sie : des comit\u00e9s de lecture en milieu scolaire<\/h2>\n\n\n\n<p>9 s\u00e9ances de 2h, au coll\u00e8ge ou au lyc\u00e9e<\/p>\n\n\n\n<div class=\"wp-block-media-text alignwide is-stacked-on-mobile\" style=\"grid-template-columns:33% auto\"><figure class=\"wp-block-media-text__media\"><img loading=\"lazy\" decoding=\"async\" width=\"768\" height=\"1024\" src=\"http:\/\/jeunespages.org\/wp-content\/uploads\/2024\/02\/IMG_8531-768x1024.jpg\" alt=\"\" class=\"wp-image-3789 size-full\" srcset=\"https:\/\/jeunespages.org\/wp-content\/uploads\/2024\/02\/IMG_8531-768x1024.jpg 768w, https:\/\/jeunespages.org\/wp-content\/uploads\/2024\/02\/IMG_8531-225x300.jpg 225w, https:\/\/jeunespages.org\/wp-content\/uploads\/2024\/02\/IMG_8531-1152x1536.jpg 1152w, https:\/\/jeunespages.org\/wp-content\/uploads\/2024\/02\/IMG_8531-1536x2048.jpg 1536w, https:\/\/jeunespages.org\/wp-content\/uploads\/2024\/02\/IMG_8531-scaled.jpg 1920w\" sizes=\"auto, (max-width: 767px) 89vw, (max-width: 1000px) 54vw, (max-width: 1071px) 543px, 580px\" \/><\/figure><div class=\"wp-block-media-text__content\">\n<p><strong>Nous proposons aux \u00e9l\u00e8ves trois textes&nbsp;choisis conjointement par l\u2019enseignant.e et Jeunes Pages dont la \u00ab&nbsp;lecture&nbsp;\u00bb sera accompagn\u00e9e tout au long de l\u2019ann\u00e9e par un.e com\u00e9dien.ne professionnel.le.<\/strong><\/p>\n\n\n\n<ul class=\"wp-block-list\">\n<li>Une premi\u00e8re s\u00e9ance de travail&nbsp;avec la classe est consacr\u00e9e \u00e0 la pr\u00e9sentation du projet dans sa globalit\u00e9 et des trois textes choisis. <\/li>\n<\/ul>\n\n\n\n<ul class=\"wp-block-list\">\n<li>Les 3 s\u00e9ances de travail suivantes&nbsp;sont consacr\u00e9es chacune \u00e0 un des textes s\u00e9lectionn\u00e9s et alternent lecture \u00e0 voix haute et d\u00e9bats. Ces derniers partent des 1\u00e8res impressions des \u00e9l\u00e8ves&nbsp;(c\u2019\u00e9tait \u00ab&nbsp;facile&nbsp;\u00bb ou \u00ab&nbsp;difficile&nbsp;\u00bb \u00e0 lire, \u00ab&nbsp;compr\u00e9hensible&nbsp;\u00bb ou \u00ab&nbsp;incompr\u00e9hensible&nbsp;\u00bb) pour s\u2019affiner peu \u00e0 peu&nbsp;: quelle image, quel extrait, quelle ligne a particuli\u00e8rement retenu l\u2019attention&nbsp;? La s\u00e9ance aboutit \u00e0 un \u00ab&nbsp;portrait&nbsp;\u00bb et du texte et de la fa\u00e7on dont il a \u00e9t\u00e9 lu. <\/li>\n\n\n\n<li>Quand les trois textes ont \u00e9t\u00e9 lus,&nbsp;la classe se constitue en \u00ab&nbsp;comit\u00e9 de lecture&nbsp;\u00bb. Chacun devient l\u2019avocat du texte qu\u2019il pr\u00e9f\u00e8re et l\u2019on compte les arguments positifs en faveur de chaque texte d\u00e9fendu. Celui qui obtient le plus de \u00ab&nbsp;voix&nbsp;\u00bb est celui qui sera ensuite distribu\u00e9, r\u00e9p\u00e9t\u00e9 et donn\u00e9 \u00e0 entendre aux parents, amis, camarades. <\/li>\n\n\n\n<li>Enfin, pour terminer le parcours, en fin d\u2019ann\u00e9e, les \u00e9l\u00e8ves accueillent dans leur classe l\u2019auteur du texte qu\u2019ils ont choisi. <\/li>\n<\/ul>\n<\/div><\/div>\n\n\n\n<p>Ce projet est \u00e9ligible au Pass Culture<\/p>\n\n\n<figure class=\"wp-block-image alignleft size-large is-resized\"><\/figure>\n\n\n<h2 class=\"wp-block-heading\">Des \u00ab\u00a0ateliers po\u00e9sie\u00a0\u00bb au coll\u00e8ge et au lyc\u00e9e<\/h2>\n\n\n\n<div class=\"wp-block-media-text alignwide is-stacked-on-mobile\" style=\"grid-template-columns:33% auto\"><figure class=\"wp-block-media-text__media\"><img loading=\"lazy\" decoding=\"async\" width=\"614\" height=\"1024\" src=\"https:\/\/jeunespages.org\/wp-content\/uploads\/2024\/02\/poesie-sciences-1-614x1024.png\" alt=\"\" class=\"wp-image-3801 size-full\" srcset=\"https:\/\/jeunespages.org\/wp-content\/uploads\/2024\/02\/poesie-sciences-1-614x1024.png 614w, https:\/\/jeunespages.org\/wp-content\/uploads\/2024\/02\/poesie-sciences-1-180x300.png 180w, https:\/\/jeunespages.org\/wp-content\/uploads\/2024\/02\/poesie-sciences-1.png 640w\" sizes=\"auto, (max-width: 614px) 100vw, 614px\" \/><\/figure><div class=\"wp-block-media-text__content\">\n<p><strong>Les ateliers-po\u00e9sie s\u2019adressent \u00e0 des \u00e9l\u00e8ves volontaires et s\u2019organisent en trois \u00ab\u00a0temps\u00a0\u00bb que relient une th\u00e9matique commune\u00a0: <\/strong><\/p>\n\n\n\n<p> <li>La d\u00e9couverte d&rsquo;un  corpus de textes de po\u00e8tes contemporain.e.s, \u00e0 travers leur lecture commune et \u00e0 voix haute avec un.e intervenant.e Jeunes Pages  <\/li><\/p>\n\n\n\n<p><li>L\u2019\u00e9criture de textes po\u00e9tiques avec un auteur  <\/li><\/p>\n\n\n\n<p><li>A partir des \u00ab\u00a0mat\u00e9riaux\u00a0\u00bb accumul\u00e9s tout au long du travail, la r\u00e9alisation finale d\u2019un \u00ab\u00a0objet\u00a0\u00bb (spectacle th\u00e9\u00e2tral, exposition, enregistrement sonore, film\u2026) avec un metteur en sc\u00e8ne, un artiste plasticien, un musicien, un vid\u00e9aste\u2026 <\/li><\/p>\n\n\n\n<p><\/p>\n<\/div><\/div>\n\n\n\n<p>Ce projet est \u00e9ligible au Pass Culture<\/p>\n\n\n\n<p>Le choix des th\u00e9matiques comme le nombre de s\u00e9ances correspondant \u00e0 chacune de ces \u00e9tapes, le choix des textes propos\u00e9s, se fait en concertation entre tous les partenaires. <\/p>\n\n\n\n<h2 class=\"wp-block-heading\">Des \u00ab\u00a0rencontres d\u00e9couvertes\u00a0\u00bb<\/h2>\n\n\n\n<p>Autour de l&rsquo;\u0153uvre d&rsquo;un po\u00e8te ou d&rsquo;une th\u00e9matique pr\u00e9alablement d\u00e9finie, Jeunes Pages proposent des ateliers de \u00ab\u00a0lectures partag\u00e9es\u00a0\u00bb ouvertes \u00e0 tous \u00e0 partir de 14 ans \u00e0 destination des biblioth\u00e8ques, centres culturels ou centres sociaux.<\/p>\n\n\n\n<figure class=\"wp-block-image size-large\"><a href=\"https:\/\/jeunespages.org\/index.php\/poesie-a-couperin\/contact\/\"><img loading=\"lazy\" decoding=\"async\" width=\"1024\" height=\"74\" src=\"https:\/\/jeunespages.org\/wp-content\/uploads\/2024\/02\/nous-contacter-1024x74.png\" alt=\"\" class=\"wp-image-3808\" srcset=\"https:\/\/jeunespages.org\/wp-content\/uploads\/2024\/02\/nous-contacter-1024x74.png 1024w, https:\/\/jeunespages.org\/wp-content\/uploads\/2024\/02\/nous-contacter-300x22.png 300w, https:\/\/jeunespages.org\/wp-content\/uploads\/2024\/02\/nous-contacter-768x56.png 768w, https:\/\/jeunespages.org\/wp-content\/uploads\/2024\/02\/nous-contacter-1536x111.png 1536w, https:\/\/jeunespages.org\/wp-content\/uploads\/2024\/02\/nous-contacter.png 1549w\" sizes=\"auto, (max-width: 767px) 89vw, (max-width: 1000px) 54vw, (max-width: 1071px) 543px, 580px\" \/><\/a><\/figure>\n","protected":false},"excerpt":{"rendered":"<p>Malgr\u00e9 le peu de place qui lui est accord\u00e9 sur la \u00ab&nbsp;sc\u00e8ne litt\u00e9raire&nbsp;\u00bb, la po\u00e9sie contemporaine est vivante et diverse, refl\u00e9tant dans la multiplicit\u00e9 des formes qu\u2019elle exp\u00e9rimente, la complexit\u00e9 du monde qui est le n\u00f4tre. \u00ab&nbsp;Partager la po\u00e9sie&nbsp;\u00bb, c\u2019est se confronter \u00e0 la lecture des po\u00e8tes d\u2019aujourd\u2019hui, interroger \u00e0 travers leurs textes notre perception &hellip; <\/p>\n<p class=\"link-more\"><a href=\"https:\/\/jeunespages.org\/index.php\/faire-de-la-poesie\/\" class=\"more-link\">Continuer la lecture<span class=\"screen-reader-text\"> de &laquo;&nbsp;Partager la po\u00e9sie&nbsp;&raquo;<\/span><\/a><\/p>\n","protected":false},"author":1,"featured_media":0,"parent":0,"menu_order":0,"comment_status":"closed","ping_status":"closed","template":"","meta":{"ngg_post_thumbnail":0,"iawp_total_views":24,"footnotes":""},"class_list":["post-177","page","type-page","status-publish","hentry"],"_links":{"self":[{"href":"https:\/\/jeunespages.org\/index.php\/wp-json\/wp\/v2\/pages\/177","targetHints":{"allow":["GET"]}}],"collection":[{"href":"https:\/\/jeunespages.org\/index.php\/wp-json\/wp\/v2\/pages"}],"about":[{"href":"https:\/\/jeunespages.org\/index.php\/wp-json\/wp\/v2\/types\/page"}],"author":[{"embeddable":true,"href":"https:\/\/jeunespages.org\/index.php\/wp-json\/wp\/v2\/users\/1"}],"replies":[{"embeddable":true,"href":"https:\/\/jeunespages.org\/index.php\/wp-json\/wp\/v2\/comments?post=177"}],"version-history":[{"count":44,"href":"https:\/\/jeunespages.org\/index.php\/wp-json\/wp\/v2\/pages\/177\/revisions"}],"predecessor-version":[{"id":4611,"href":"https:\/\/jeunespages.org\/index.php\/wp-json\/wp\/v2\/pages\/177\/revisions\/4611"}],"wp:attachment":[{"href":"https:\/\/jeunespages.org\/index.php\/wp-json\/wp\/v2\/media?parent=177"}],"curies":[{"name":"wp","href":"https:\/\/api.w.org\/{rel}","templated":true}]}}