{"id":1756,"date":"2020-12-16T16:24:52","date_gmt":"2020-12-16T15:24:52","guid":{"rendered":"http:\/\/jeunespages.org\/?page_id=1756"},"modified":"2026-03-30T19:40:14","modified_gmt":"2026-03-30T17:40:14","slug":"lecture-rencontre-poesie","status":"publish","type":"page","link":"https:\/\/jeunespages.org\/index.php\/cette-saison\/lecture-rencontre-poesie\/","title":{"rendered":"Lecture\/Rencontre\/Po\u00e9sie"},"content":{"rendered":"\n<h3 class=\"wp-block-heading\"> A l\u2019initiative de Jeunes Pages se constitue \u00e0 l\u2019automne 2020 un collectif regroupant des com\u00e9diennes et com\u00e9diens*, d\u00e9sireux de partager et faire partager, \u00e0 travers la lecture \u00e0 voix haute, des textes de po\u00e8tes contemporains vivants. <\/h3>\n\n\n\n<figure class=\"wp-block-image size-large\"><img loading=\"lazy\" decoding=\"async\" width=\"1024\" height=\"505\" src=\"https:\/\/jeunespages.org\/wp-content\/uploads\/2024\/02\/PHOTO-2021-03-25-19-38-06-1024x505.jpg\" alt=\"\" class=\"wp-image-3897\" srcset=\"https:\/\/jeunespages.org\/wp-content\/uploads\/2024\/02\/PHOTO-2021-03-25-19-38-06-1024x505.jpg 1024w, https:\/\/jeunespages.org\/wp-content\/uploads\/2024\/02\/PHOTO-2021-03-25-19-38-06-300x148.jpg 300w, https:\/\/jeunespages.org\/wp-content\/uploads\/2024\/02\/PHOTO-2021-03-25-19-38-06-768x379.jpg 768w, https:\/\/jeunespages.org\/wp-content\/uploads\/2024\/02\/PHOTO-2021-03-25-19-38-06-1536x757.jpg 1536w, https:\/\/jeunespages.org\/wp-content\/uploads\/2024\/02\/PHOTO-2021-03-25-19-38-06.jpg 1600w\" sizes=\"auto, (max-width: 767px) 89vw, (max-width: 1000px) 54vw, (max-width: 1071px) 543px, 580px\" \/><\/figure>\n\n\n\n<p>En partenariat avec le Tiers-Lieu Faire Liens et des conservatoires de la Ville de Paris, trois soir\u00e9es sont organis\u00e9es entre novembre et juin, centr\u00e9es chacune sur l\u2019\u0153uvre d\u2019un ou une auteur.trice choisi.e par le collectif.<\/p>\n\n\n\n<p>Ouvertes \u00e0 tous \u00e0 partir de 14 ans, ces soir\u00e9es ne s\u2019adressent pas \u00e0 des \u00ab&nbsp;sp\u00e9cialistes&nbsp;\u00bb mais aux amateurs comme aux curieux.<\/p>\n\n\n\n<p class=\"has-text-align-center\"><strong>Prochain rendez-vous le 5 juin autour des textes de Lisette Lomb\u00e9<\/strong><\/p>\n\n\n\n<p><em>* Le collectif : Claire Aveline, C\u00e9cile Bouillot, Marie-No\u00eble Bordeaux, Philippe Crub\u00e9zy, Sylvie Debrun, Eric Frey, Geoffroy Guerrier, Anne Marenco, Jean Pennec, <em>Marie-H\u00e9l\u00e8ne Peyresaube,<\/em><\/em> <em>St\u00e9phanie Rongeot<\/em><\/p>\n\n\n\n<hr class=\"wp-block-separator has-alpha-channel-opacity\"\/>\n\n\n\n<h2 class=\"wp-block-heading has-text-align-center\">Nos rendez-vous pass\u00e9s<\/h2>\n\n\n\n<ul class=\"wp-block-list\">\n<li>mars 2021 : Val\u00e9rie Rouzeau<\/li>\n\n\n\n<li>juin 2021 : Albane Gell\u00e9<\/li>\n\n\n\n<li>novembre 2021 : Daniel Biga<\/li>\n\n\n\n<li>f\u00e9vrier 2022 : Fr\u00e9d\u00e9ric Forte <\/li>\n\n\n\n<li>juin 2022 : Isabelle Pin\u00e7on<\/li>\n\n\n\n<li>f\u00e9vrier 2023 : Mil\u00e8ne Tournier<\/li>\n\n\n\n<li>mai 2023 : C\u00e9lestin de Me\u00ebus<\/li>\n\n\n\n<li>novembre 2023 : Fabienne Swiatly<\/li>\n\n\n\n<li>f\u00e9vrier 2024 : Laurence Vielle<\/li>\n\n\n\n<li>mai 2024 : Alexandre Bonnet-Terrile<\/li>\n\n\n\n<li>novembre 2024 : Thomas Vinau<\/li>\n\n\n\n<li>mars 2025 : Natyot<\/li>\n\n\n\n<li>juin 2025 : Antoine Mouton<\/li>\n\n\n\n<li>novembre 2025 : Hortense Raynal<\/li>\n\n\n\n<li>mars 2026 : Fanny Chiarello<\/li>\n<\/ul>\n","protected":false},"excerpt":{"rendered":"<p>A l\u2019initiative de Jeunes Pages se constitue \u00e0 l\u2019automne 2020 un collectif regroupant des com\u00e9diennes et com\u00e9diens*, d\u00e9sireux de partager et faire partager, \u00e0 travers la lecture \u00e0 voix haute, des textes de po\u00e8tes contemporains vivants. En partenariat avec le Tiers-Lieu Faire Liens et des conservatoires de la Ville de Paris, trois soir\u00e9es sont organis\u00e9es &hellip; <\/p>\n<p class=\"link-more\"><a href=\"https:\/\/jeunespages.org\/index.php\/cette-saison\/lecture-rencontre-poesie\/\" class=\"more-link\">Continuer la lecture<span class=\"screen-reader-text\"> de &laquo;&nbsp;Lecture\/Rencontre\/Po\u00e9sie&nbsp;&raquo;<\/span><\/a><\/p>\n","protected":false},"author":1,"featured_media":0,"parent":122,"menu_order":0,"comment_status":"closed","ping_status":"closed","template":"","meta":{"ngg_post_thumbnail":0,"iawp_total_views":30,"footnotes":""},"class_list":["post-1756","page","type-page","status-publish","hentry"],"_links":{"self":[{"href":"https:\/\/jeunespages.org\/index.php\/wp-json\/wp\/v2\/pages\/1756","targetHints":{"allow":["GET"]}}],"collection":[{"href":"https:\/\/jeunespages.org\/index.php\/wp-json\/wp\/v2\/pages"}],"about":[{"href":"https:\/\/jeunespages.org\/index.php\/wp-json\/wp\/v2\/types\/page"}],"author":[{"embeddable":true,"href":"https:\/\/jeunespages.org\/index.php\/wp-json\/wp\/v2\/users\/1"}],"replies":[{"embeddable":true,"href":"https:\/\/jeunespages.org\/index.php\/wp-json\/wp\/v2\/comments?post=1756"}],"version-history":[{"count":53,"href":"https:\/\/jeunespages.org\/index.php\/wp-json\/wp\/v2\/pages\/1756\/revisions"}],"predecessor-version":[{"id":4654,"href":"https:\/\/jeunespages.org\/index.php\/wp-json\/wp\/v2\/pages\/1756\/revisions\/4654"}],"up":[{"embeddable":true,"href":"https:\/\/jeunespages.org\/index.php\/wp-json\/wp\/v2\/pages\/122"}],"wp:attachment":[{"href":"https:\/\/jeunespages.org\/index.php\/wp-json\/wp\/v2\/media?parent=1756"}],"curies":[{"name":"wp","href":"https:\/\/api.w.org\/{rel}","templated":true}]}}