{"id":1637,"date":"2020-09-15T13:23:31","date_gmt":"2020-09-15T11:23:31","guid":{"rendered":"http:\/\/jeunespages.org\/?page_id=1637"},"modified":"2024-02-14T13:10:23","modified_gmt":"2024-02-14T12:10:23","slug":"poesie-et-science-a-j-moulin","status":"publish","type":"page","link":"https:\/\/jeunespages.org\/index.php\/archives\/poesie\/poesie-et-science-a-j-moulin\/","title":{"rendered":"Po\u00e9sie et science"},"content":{"rendered":"\n<figure class=\"wp-block-audio\"><audio controls src=\"http:\/\/jeunespages.org\/wp-content\/uploads\/2021\/06\/2021-06-04_MOULIN.mp3\"><\/audio><figcaption>Gabriel, Juliette et Lilou-Anne, participants \u00e0 l&rsquo;atelier Po\u00e9sie et Sciences, t\u00e9moignent du projet sur Radio Clype.<\/figcaption><\/figure>\n\n\n\n<div class=\"wp-block-image\"><figure class=\"alignright size-large is-resized\"><img loading=\"lazy\" decoding=\"async\" src=\"https:\/\/jeunespages.org\/wp-content\/uploads\/2020\/11\/atelier-science-poesie-724x1024.jpg\" alt=\"\" class=\"wp-image-1719\" width=\"370\" height=\"514\"\/><\/figure><\/div>\n\n\n\n<p>Le souci de la nature et de la place de l\u2019homme en son sein est, depuis les origines, un des \u00ab&nbsp;fondamentaux&nbsp;\u00bb de la po\u00e9sie. En correspondance avec un atelier \u00ab&nbsp;scientifique&nbsp;\u00bb men\u00e9 en partenariat avec Univers Science, il a \u00e9t\u00e9 imagin\u00e9 de proposer aux \u00e9l\u00e8ves du coll\u00e8ge J. Moulin \u00e0 Paris dans le 14\u00e8 arrondissement, un atelier \u00ab&nbsp;litt\u00e9raire&nbsp;\u00bb centr\u00e9 autour des probl\u00e9matiques d\u2019environnement et de d\u00e9veloppement durable.<\/p>\n\n\n\n<p>Cet atelier s\u2019adresse \u00e0 des \u00e9l\u00e8ves volontaires et s\u2019organise en trois \u00ab&nbsp;temps&nbsp;\u00bb que relient une th\u00e9matique commune&nbsp;:<\/p>\n\n\n\n<p>&#8211; La d\u00e9couverte d\u2019un corpus de textes de po\u00e8tes contemporains, \u00e0 travers leur lecture commune et \u00e0 voix haute avec une intervenante Jeunes Pages*<\/p>\n\n\n\n<p>&#8211; L\u2019\u00e9criture de textes po\u00e9tiques avec <a rel=\"noreferrer noopener\" aria-label=\"Laurent Contamin (s\u2019ouvre dans un nouvel onglet)\" href=\"http:\/\/www.laurent-contamin.net\/\" target=\"_blank\">Laurent Contamin<\/a>, po\u00e8te et dramaturge. (Ces textes sont publi\u00e9s chaque semaine dans <em><a href=\"https:\/\/contactjeunespages.law.blog\/\" target=\"_blank\" rel=\"noreferrer noopener\">On se dit tout<\/a><\/em>, le journal des \u00e9l\u00e8ves du coll\u00e8ge, rubrique \u00ab\u00a0Nos artistes\u00a0\u00bb)<\/p>\n\n\n\n<p>&#8211; A partir des \u00ab&nbsp;mat\u00e9riaux&nbsp;\u00bb accumul\u00e9s tout au long du travail, la r\u00e9alisation finale d\u2019un film avec Geoffroy Guerrier, com\u00e9dien et metteur en sc\u00e8ne et Wilton Rosemond, r\u00e9alisateur.<\/p>\n\n\n\n<p class=\"has-text-align-right\"><em>Projet r\u00e9alis\u00e9 avec le soutien de la DRAC Ile-de-France et du Rectorat de Paris dans le cadre d&rsquo;un Atelier artistique et culturel<\/em><\/p>\n\n\n\n<hr class=\"wp-block-separator\"\/>\n\n\n\n<p>* Les textes propos\u00e9s aux \u00e9l\u00e8ves : <em>C&rsquo;est Corbeau<\/em> de Jean-Pascal Dubost (Cheyne \u00e9diteur), <em>Oiseau-moi<\/em> d&rsquo;Edith Azam (\u00e9ditions LansKine), <em>La Face de l&rsquo;animal<\/em> de Matthieu Gosztola (\u00e9dition du Revif), <em>Pers\u00e9phone aux jardins de Sainte-Radegonde<\/em> de Delphine Br\u00e9tesch\u00e9, (\u00e9ditions Joca Seria), <em>Eau<\/em> d&rsquo;Albane Gell\u00e9 (Cheyne \u00e9diteur), <em>Zone \u00e0 \u00e9tendre<\/em> de Mariette Navarro (Quartett).<\/p>\n","protected":false},"excerpt":{"rendered":"<p>Le souci de la nature et de la place de l\u2019homme en son sein est, depuis les origines, un des \u00ab&nbsp;fondamentaux&nbsp;\u00bb de la po\u00e9sie. En correspondance avec un atelier \u00ab&nbsp;scientifique&nbsp;\u00bb men\u00e9 en partenariat avec Univers Science, il a \u00e9t\u00e9 imagin\u00e9 de proposer aux \u00e9l\u00e8ves du coll\u00e8ge J. Moulin \u00e0 Paris dans le 14\u00e8 arrondissement, un &hellip; <\/p>\n<p class=\"link-more\"><a href=\"https:\/\/jeunespages.org\/index.php\/archives\/poesie\/poesie-et-science-a-j-moulin\/\" class=\"more-link\">Continuer la lecture<span class=\"screen-reader-text\"> de &laquo;&nbsp;Po\u00e9sie et science&nbsp;&raquo;<\/span><\/a><\/p>\n","protected":false},"author":1,"featured_media":0,"parent":1484,"menu_order":0,"comment_status":"closed","ping_status":"closed","template":"","meta":{"ngg_post_thumbnail":0,"iawp_total_views":17,"footnotes":""},"class_list":["post-1637","page","type-page","status-publish","hentry"],"_links":{"self":[{"href":"https:\/\/jeunespages.org\/index.php\/wp-json\/wp\/v2\/pages\/1637","targetHints":{"allow":["GET"]}}],"collection":[{"href":"https:\/\/jeunespages.org\/index.php\/wp-json\/wp\/v2\/pages"}],"about":[{"href":"https:\/\/jeunespages.org\/index.php\/wp-json\/wp\/v2\/types\/page"}],"author":[{"embeddable":true,"href":"https:\/\/jeunespages.org\/index.php\/wp-json\/wp\/v2\/users\/1"}],"replies":[{"embeddable":true,"href":"https:\/\/jeunespages.org\/index.php\/wp-json\/wp\/v2\/comments?post=1637"}],"version-history":[{"count":15,"href":"https:\/\/jeunespages.org\/index.php\/wp-json\/wp\/v2\/pages\/1637\/revisions"}],"predecessor-version":[{"id":3905,"href":"https:\/\/jeunespages.org\/index.php\/wp-json\/wp\/v2\/pages\/1637\/revisions\/3905"}],"up":[{"embeddable":true,"href":"https:\/\/jeunespages.org\/index.php\/wp-json\/wp\/v2\/pages\/1484"}],"wp:attachment":[{"href":"https:\/\/jeunespages.org\/index.php\/wp-json\/wp\/v2\/media?parent=1637"}],"curies":[{"name":"wp","href":"https:\/\/api.w.org\/{rel}","templated":true}]}}