{"id":1555,"date":"2020-08-25T12:02:18","date_gmt":"2020-08-25T10:02:18","guid":{"rendered":"http:\/\/jeunespages.org\/?page_id=1555"},"modified":"2024-02-10T11:50:30","modified_gmt":"2024-02-10T10:50:30","slug":"nos-partenaires","status":"publish","type":"page","link":"https:\/\/jeunespages.org\/index.php\/lassociation\/nos-partenaires\/","title":{"rendered":"Nos partenaires"},"content":{"rendered":"\n<div class=\"wp-block-image\"><figure class=\"alignright size-full\"><img loading=\"lazy\" decoding=\"async\" width=\"608\" height=\"325\" src=\"https:\/\/jeunespages.org\/wp-content\/uploads\/2023\/11\/partenaires.png\" alt=\"\" class=\"wp-image-3615\" srcset=\"https:\/\/jeunespages.org\/wp-content\/uploads\/2023\/11\/partenaires.png 608w, https:\/\/jeunespages.org\/wp-content\/uploads\/2023\/11\/partenaires-300x160.png 300w\" sizes=\"auto, (max-width: 608px) 100vw, 608px\" \/><\/figure><\/div>\n\n\n\n<p>Les \u00e9coles \u00e9l\u00e9mentaires Ourcq B et Mathis, (Paris 19\u00e8), et l&rsquo;\u00e9cole Grand Yoff 2A \u00e0 Dakar, les coll\u00e8ges Couperin (Paris 4e), Valmy (Paris 10\u00e8), Jean Moulin (Paris 14\u00e8), Y. Le Tac et Cl\u00e9menceau  (Paris 18e), les lyc\u00e9es Turquetil (Paris 11e) et Lamine Gueye (Dakar).<\/p>\n\n\n\n<p>Le Tiers-lieu Faire Liens, la compagnie Acte II sc\u00e8ne 2, les Conservatoires du 15e, 19e et 16e l&rsquo;Universit\u00e9 populaire de Bagnolet.<\/p>\n\n\n\n<p>Le Commissariat G\u00e9n\u00e9ral \u00e0 l&rsquo;Egalit\u00e9 des territoires, la Ville de Paris, la Mairie du 19\u00e8 arrondissement, la CAF.<\/p>\n\n\n\n<p>Ainsi que la biblioth\u00e8que B. Rabier, le Centre social Rosa Parks, les Centres d&rsquo;animation Mathis et Curial, la R\u00e9gie de quartier 19\u00e8, Projets 19, le Capla, l&rsquo;association Clich\u00e9s urbains, pour la diffusion de nos journaux dans le 19\u00e8.<\/p>\n","protected":false},"excerpt":{"rendered":"<p>Les \u00e9coles \u00e9l\u00e9mentaires Ourcq B et Mathis, (Paris 19\u00e8), et l&rsquo;\u00e9cole Grand Yoff 2A \u00e0 Dakar, les coll\u00e8ges Couperin (Paris 4e), Valmy (Paris 10\u00e8), Jean Moulin (Paris 14\u00e8), Y. Le Tac et Cl\u00e9menceau (Paris 18e), les lyc\u00e9es Turquetil (Paris 11e) et Lamine Gueye (Dakar). Le Tiers-lieu Faire Liens, la compagnie Acte II sc\u00e8ne 2, les &hellip; <\/p>\n<p class=\"link-more\"><a href=\"https:\/\/jeunespages.org\/index.php\/lassociation\/nos-partenaires\/\" class=\"more-link\">Continuer la lecture<span class=\"screen-reader-text\"> de &laquo;&nbsp;Nos partenaires&nbsp;&raquo;<\/span><\/a><\/p>\n","protected":false},"author":1,"featured_media":0,"parent":121,"menu_order":0,"comment_status":"closed","ping_status":"closed","template":"","meta":{"ngg_post_thumbnail":0,"iawp_total_views":25,"footnotes":""},"class_list":["post-1555","page","type-page","status-publish","hentry"],"_links":{"self":[{"href":"https:\/\/jeunespages.org\/index.php\/wp-json\/wp\/v2\/pages\/1555","targetHints":{"allow":["GET"]}}],"collection":[{"href":"https:\/\/jeunespages.org\/index.php\/wp-json\/wp\/v2\/pages"}],"about":[{"href":"https:\/\/jeunespages.org\/index.php\/wp-json\/wp\/v2\/types\/page"}],"author":[{"embeddable":true,"href":"https:\/\/jeunespages.org\/index.php\/wp-json\/wp\/v2\/users\/1"}],"replies":[{"embeddable":true,"href":"https:\/\/jeunespages.org\/index.php\/wp-json\/wp\/v2\/comments?post=1555"}],"version-history":[{"count":12,"href":"https:\/\/jeunespages.org\/index.php\/wp-json\/wp\/v2\/pages\/1555\/revisions"}],"predecessor-version":[{"id":3892,"href":"https:\/\/jeunespages.org\/index.php\/wp-json\/wp\/v2\/pages\/1555\/revisions\/3892"}],"up":[{"embeddable":true,"href":"https:\/\/jeunespages.org\/index.php\/wp-json\/wp\/v2\/pages\/121"}],"wp:attachment":[{"href":"https:\/\/jeunespages.org\/index.php\/wp-json\/wp\/v2\/media?parent=1555"}],"curies":[{"name":"wp","href":"https:\/\/api.w.org\/{rel}","templated":true}]}}