{"id":1533,"date":"2020-08-25T11:21:29","date_gmt":"2020-08-25T09:21:29","guid":{"rendered":"http:\/\/jeunespages.org\/?page_id=1533"},"modified":"2023-06-23T13:36:34","modified_gmt":"2023-06-23T11:36:34","slug":"combats-au-feminin-2015","status":"publish","type":"page","link":"https:\/\/jeunespages.org\/index.php\/archives\/journaux\/combats-au-feminin-2015\/","title":{"rendered":"Combats au f\u00e9minin, un journal th\u00e9matique pour un projet de classe"},"content":{"rendered":"\n<div class=\"wp-block-image\"><figure class=\"alignright is-resized\"><img loading=\"lazy\" decoding=\"async\" src=\"http:\/\/jeunespages.org\/wp-content\/uploads\/2020\/08\/Combats-au-f\u00e9minin-1024x735.jpg\" alt=\"\" class=\"wp-image-1400\" width=\"647\" height=\"464\" srcset=\"https:\/\/jeunespages.org\/wp-content\/uploads\/2020\/08\/Combats-au-f\u00e9minin-1024x735.jpg 1024w, https:\/\/jeunespages.org\/wp-content\/uploads\/2020\/08\/Combats-au-f\u00e9minin-300x215.jpg 300w, https:\/\/jeunespages.org\/wp-content\/uploads\/2020\/08\/Combats-au-f\u00e9minin-768x551.jpg 768w\" sizes=\"auto, (max-width: 647px) 100vw, 647px\" \/><\/figure><\/div>\n\n\n\n<p><em>Combats au\u00a0f\u00e9minin \u2013 Des femmes engag\u00e9es dans la grande guerre<\/em>, est un journal \u00a0\u00ab\u00a0th\u00e9matique\u00a0\u00bb, initi\u00e9 en 2015 par Dani\u00e8le Moati-Gornet (professeure d\u2019histoire\/g\u00e9ographie) et Odile Waltz (professeure de fran\u00e7ais) et r\u00e9dig\u00e9 par les \u00e9l\u00e8ves de la classe de 1\u00e8re ES du lyc\u00e9e Simone Weil (Paris 3\u00e8). <\/p>\n\n\n\n<p>En comm\u00e9moration de la guerre de 14-18, les \u00e9l\u00e8ves ont cr\u00e9\u00e9 un journal-anniversaire en hommage aux femmes et \u00e0 leurs combats durant cette p\u00e9riode. Ils&nbsp;ont \u00e9crit des articles, parfois historiques, parfois relevant de leur imaginaire comme des po\u00e8mes, un journal intime, une fausse interview de Marie Curie\u2026<br>La volont\u00e9 des professeurs \u00e9tait qu\u2019ils se mettent dans la peau de leurs anc\u00eatres.<br>Le th\u00e8me des femmes a \u00e9t\u00e9 choisi aussi par rapport aux th\u00e8mes civiques, de l\u2019\u00e9mancipation des femmes, de leur r\u00f4le souvent marginalis\u00e9 ou cantonn\u00e9 \u00e0 celui de munitionnettes ou marraines de guerre\u2026 <\/p>\n\n\n\n<p class=\"has-text-align-right\">Partenariat : Mairie du 3\u00e8, Paris<\/p>\n","protected":false},"excerpt":{"rendered":"<p>Combats au\u00a0f\u00e9minin \u2013 Des femmes engag\u00e9es dans la grande guerre, est un journal \u00a0\u00ab\u00a0th\u00e9matique\u00a0\u00bb, initi\u00e9 en 2015 par Dani\u00e8le Moati-Gornet (professeure d\u2019histoire\/g\u00e9ographie) et Odile Waltz (professeure de fran\u00e7ais) et r\u00e9dig\u00e9 par les \u00e9l\u00e8ves de la classe de 1\u00e8re ES du lyc\u00e9e Simone Weil (Paris 3\u00e8). En comm\u00e9moration de la guerre de 14-18, les \u00e9l\u00e8ves ont &hellip; <\/p>\n<p class=\"link-more\"><a href=\"https:\/\/jeunespages.org\/index.php\/archives\/journaux\/combats-au-feminin-2015\/\" class=\"more-link\">Continuer la lecture<span class=\"screen-reader-text\"> de &laquo;&nbsp;Combats au f\u00e9minin, un journal th\u00e9matique pour un projet de classe&nbsp;&raquo;<\/span><\/a><\/p>\n","protected":false},"author":1,"featured_media":0,"parent":1491,"menu_order":0,"comment_status":"closed","ping_status":"closed","template":"","meta":{"ngg_post_thumbnail":0,"iawp_total_views":24,"footnotes":""},"class_list":["post-1533","page","type-page","status-publish","hentry"],"_links":{"self":[{"href":"https:\/\/jeunespages.org\/index.php\/wp-json\/wp\/v2\/pages\/1533","targetHints":{"allow":["GET"]}}],"collection":[{"href":"https:\/\/jeunespages.org\/index.php\/wp-json\/wp\/v2\/pages"}],"about":[{"href":"https:\/\/jeunespages.org\/index.php\/wp-json\/wp\/v2\/types\/page"}],"author":[{"embeddable":true,"href":"https:\/\/jeunespages.org\/index.php\/wp-json\/wp\/v2\/users\/1"}],"replies":[{"embeddable":true,"href":"https:\/\/jeunespages.org\/index.php\/wp-json\/wp\/v2\/comments?post=1533"}],"version-history":[{"count":4,"href":"https:\/\/jeunespages.org\/index.php\/wp-json\/wp\/v2\/pages\/1533\/revisions"}],"predecessor-version":[{"id":3494,"href":"https:\/\/jeunespages.org\/index.php\/wp-json\/wp\/v2\/pages\/1533\/revisions\/3494"}],"up":[{"embeddable":true,"href":"https:\/\/jeunespages.org\/index.php\/wp-json\/wp\/v2\/pages\/1491"}],"wp:attachment":[{"href":"https:\/\/jeunespages.org\/index.php\/wp-json\/wp\/v2\/media?parent=1533"}],"curies":[{"name":"wp","href":"https:\/\/api.w.org\/{rel}","templated":true}]}}