{"id":1491,"date":"2020-08-24T18:00:12","date_gmt":"2020-08-24T16:00:12","guid":{"rendered":"http:\/\/jeunespages.org\/?page_id=1491"},"modified":"2024-02-04T21:54:31","modified_gmt":"2024-02-04T20:54:31","slug":"journaux","status":"publish","type":"page","link":"https:\/\/jeunespages.org\/index.php\/archives\/journaux\/","title":{"rendered":"Journaux"},"content":{"rendered":"\n<h2 class=\"wp-block-heading\">Un \u00ab\u00a0r\u00e9seau\u00a0\u00bb de journaux dans le 19\u00e8 : <a rel=\"noreferrer noopener\" aria-label=\"Curial Multicolore (s\u2019ouvre dans un nouvel onglet)\" href=\"http:\/\/jeunespages.org\/index.php\/archives\/journaux\/curial-multicolore\/\" target=\"_blank\">Curial Multicolore<\/a> (2009-2019), 118 Info, <a rel=\"noreferrer noopener\" href=\"https:\/\/jeunespages.org\/index.php\/carrel-aux-nouvelles\/\" target=\"_blank\">Carrel aux nouvelles<\/a> (2021), <a rel=\"noreferrer noopener\" href=\"https:\/\/jeunespages.org\/index.php\/barbamonde\/\" target=\"_blank\">Barbamonde<\/a> (2021-2022)<\/h2>\n\n\n\n<div class=\"wp-block-image\"><figure class=\"alignleft\"><img loading=\"lazy\" decoding=\"async\" width=\"330\" height=\"220\" src=\"http:\/\/jeunespages.org\/wp-content\/uploads\/2020\/06\/journaux-muraux-site.png\" alt=\"\" class=\"wp-image-1324\" srcset=\"https:\/\/jeunespages.org\/wp-content\/uploads\/2020\/06\/journaux-muraux-site.png 330w, https:\/\/jeunespages.org\/wp-content\/uploads\/2020\/06\/journaux-muraux-site-300x200.png 300w\" sizes=\"auto, (max-width: 330px) 100vw, 330px\" \/><\/figure><\/div>\n\n\n\n<p>Ecoles Colette Magny, Claude Bernard, Armand Carrel et Barban\u00e8gre<\/p>\n\n\n\n<h2 class=\"wp-block-heading\"><a rel=\"noreferrer noopener\" href=\"https:\/\/jeunespages.org\/wp-admin\/post.php?post=211&amp;action=edit\" target=\"_blank\">Au Menu du Canard<\/a>, un livre pour 10 ans de journalisme jeune (2010-2020)<\/h2>\n\n\n\n<div class=\"wp-block-image\"><figure class=\"alignleft size-large is-resized\"><img loading=\"lazy\" decoding=\"async\" src=\"http:\/\/jeunespages.org\/wp-content\/uploads\/2021\/01\/bouquin-3-1024x768.png\" alt=\"\" class=\"wp-image-1828\" width=\"340\" height=\"254\" srcset=\"https:\/\/jeunespages.org\/wp-content\/uploads\/2021\/01\/bouquin-3-1024x768.png 1024w, https:\/\/jeunespages.org\/wp-content\/uploads\/2021\/01\/bouquin-3-300x225.png 300w, https:\/\/jeunespages.org\/wp-content\/uploads\/2021\/01\/bouquin-3-768x576.png 768w, https:\/\/jeunespages.org\/wp-content\/uploads\/2021\/01\/bouquin-3-1536x1152.png 1536w, https:\/\/jeunespages.org\/wp-content\/uploads\/2021\/01\/bouquin-3-2048x1536.png 2048w\" sizes=\"auto, (max-width: 340px) 100vw, 340px\" \/><\/figure><\/div>\n\n\n\n<p>Coll\u00e8ge Montgolfier<\/p>\n\n\n\n<h2 class=\"wp-block-heading\">Des revues r\u00e9alis\u00e9es pendant les vacances scolaires : <a rel=\"noreferrer noopener\" href=\"https:\/\/jeunespages.org\/index.php\/archives\/journaux\/la-gazette-de-beaujon\/\" target=\"_blank\">La Gazette de Beaujon<\/a> (2020-2021), <a rel=\"noreferrer noopener\" href=\"https:\/\/jeunespages.org\/index.php\/cette-saison\/place-des-filles\/\" target=\"_blank\">Place des filles<\/a> (2022), <a href=\"https:\/\/jeunespages.org\/index.php\/archives\/journaux\/la-gazette-de-beaujon\/\" target=\"_blank\" rel=\"noreferrer noopener\">Tanger Public (2021-2023)<\/a><\/h2>\n\n\n\n<div class=\"wp-block-image\"><figure class=\"alignleft size-large is-resized\"><img loading=\"lazy\" decoding=\"async\" src=\"http:\/\/jeunespages.org\/wp-content\/uploads\/2021\/10\/couv-com-724x1024.jpg\" alt=\"\" class=\"wp-image-2310\" width=\"288\" height=\"407\" srcset=\"https:\/\/jeunespages.org\/wp-content\/uploads\/2021\/10\/couv-com-724x1024.jpg 724w, https:\/\/jeunespages.org\/wp-content\/uploads\/2021\/10\/couv-com-212x300.jpg 212w, https:\/\/jeunespages.org\/wp-content\/uploads\/2021\/10\/couv-com-768x1087.jpg 768w, https:\/\/jeunespages.org\/wp-content\/uploads\/2021\/10\/couv-com.jpg 850w\" sizes=\"auto, (max-width: 288px) 100vw, 288px\" \/><\/figure><\/div>\n\n\n\n<p>Centre Paris Anim&rsquo; Espace Beaujon<\/p>\n\n\n\n<div class=\"wp-block-image\"><figure class=\"alignleft size-large is-resized\"><img loading=\"lazy\" decoding=\"async\" src=\"http:\/\/jeunespages.org\/wp-content\/uploads\/2022\/09\/Place-des-filles.1_page-0001-1024x724.jpg\" alt=\"\" class=\"wp-image-3000\" width=\"481\" height=\"339\" srcset=\"https:\/\/jeunespages.org\/wp-content\/uploads\/2022\/09\/Place-des-filles.1_page-0001-1024x724.jpg 1024w, https:\/\/jeunespages.org\/wp-content\/uploads\/2022\/09\/Place-des-filles.1_page-0001-300x212.jpg 300w, https:\/\/jeunespages.org\/wp-content\/uploads\/2022\/09\/Place-des-filles.1_page-0001-768x543.jpg 768w, https:\/\/jeunespages.org\/wp-content\/uploads\/2022\/09\/Place-des-filles.1_page-0001-1536x1086.jpg 1536w, https:\/\/jeunespages.org\/wp-content\/uploads\/2022\/09\/Place-des-filles.1_page-0001-2048x1448.jpg 2048w\" sizes=\"auto, (max-width: 481px) 100vw, 481px\" \/><\/figure><\/div>\n\n\n\n<p><\/p>\n\n\n\n<p><\/p>\n\n\n\n<p><\/p>\n\n\n\n<p><\/p>\n\n\n\n<p><\/p>\n\n\n\n<p><\/p>\n\n\n\n<p><\/p>\n\n\n\n<p>Centre Paris Anim&rsquo; Place des F\u00eates<\/p>\n\n\n\n<p><\/p>\n\n\n\n<p><\/p>\n\n\n\n<p><\/p>\n\n\n\n<p><\/p>\n\n\n\n<div class=\"wp-block-image\"><figure class=\"alignleft size-large is-resized\"><img loading=\"lazy\" decoding=\"async\" src=\"http:\/\/jeunespages.org\/wp-content\/uploads\/2024\/02\/couv-724x1024.png\" alt=\"\" class=\"wp-image-3689\" width=\"310\" height=\"438\" srcset=\"https:\/\/jeunespages.org\/wp-content\/uploads\/2024\/02\/couv-724x1024.png 724w, https:\/\/jeunespages.org\/wp-content\/uploads\/2024\/02\/couv-212x300.png 212w, https:\/\/jeunespages.org\/wp-content\/uploads\/2024\/02\/couv-768x1086.png 768w, https:\/\/jeunespages.org\/wp-content\/uploads\/2024\/02\/couv.png 850w\" sizes=\"auto, (max-width: 310px) 100vw, 310px\" \/><\/figure><\/div>\n\n\n\n<p><\/p>\n\n\n\n<p class=\"has-text-align-right\">Centre social Tanger<\/p>\n\n\n\n<p><\/p>\n\n\n\n<p><\/p>\n\n\n\n<p><\/p>\n\n\n\n<h2 class=\"wp-block-heading\"><a href=\"http:\/\/jeunespages.org\/index.php\/archives\/journaux\/journal-de-nos-confinements-2020\/\">Journal de nos confinements<\/a>, une r\u00e9union de r\u00e9dactions coll\u00e9giennes (2020)<\/h2>\n\n\n\n<figure class=\"wp-block-image is-resized\"><img loading=\"lazy\" decoding=\"async\" src=\"http:\/\/jeunespages.org\/wp-content\/uploads\/2020\/08\/journal-de-nos-confinements-site-1024x512.jpg\" alt=\"\" class=\"wp-image-1450\" width=\"604\" height=\"302\" srcset=\"https:\/\/jeunespages.org\/wp-content\/uploads\/2020\/08\/journal-de-nos-confinements-site-1024x512.jpg 1024w, https:\/\/jeunespages.org\/wp-content\/uploads\/2020\/08\/journal-de-nos-confinements-site-300x150.jpg 300w, https:\/\/jeunespages.org\/wp-content\/uploads\/2020\/08\/journal-de-nos-confinements-site-768x384.jpg 768w\" sizes=\"auto, (max-width: 604px) 100vw, 604px\" \/><\/figure>\n\n\n\n<p>Coll\u00e8ges Montgolfier (Paris, 3\u00e8), Valmy (Paris, 10\u00e8), J. Moulin (Paris 14\u00e8)<\/p>\n\n\n\n<h2 class=\"wp-block-heading\"><a rel=\"noreferrer noopener\" aria-label=\"Zests d'info (s\u2019ouvre dans un nouvel onglet)\" href=\"http:\/\/jeunespages.org\/index.php\/archives\/journaux\/zests-dinfo-2016-2017\/\" target=\"_blank\">Zests d&rsquo;info<\/a>, un journal en cycle 3 (2016-2017)<\/h2>\n\n\n\n<figure class=\"wp-block-image\"><img loading=\"lazy\" decoding=\"async\" width=\"1024\" height=\"598\" src=\"http:\/\/jeunespages.org\/wp-content\/uploads\/2020\/08\/1pdf-1024x598.jpg\" alt=\"\" class=\"wp-image-1478\" srcset=\"https:\/\/jeunespages.org\/wp-content\/uploads\/2020\/08\/1pdf-1024x598.jpg 1024w, https:\/\/jeunespages.org\/wp-content\/uploads\/2020\/08\/1pdf-300x175.jpg 300w, https:\/\/jeunespages.org\/wp-content\/uploads\/2020\/08\/1pdf-768x448.jpg 768w\" sizes=\"auto, (max-width: 767px) 89vw, (max-width: 1000px) 54vw, (max-width: 1071px) 543px, 580px\" \/><\/figure>\n\n\n\n<p>Ecoles P\u00e9ricl\u00e8s et Jean Moulin, coll\u00e8ge Joffre, Montpellier <\/p>\n\n\n\n<h2 class=\"wp-block-heading\"><a rel=\"noreferrer noopener\" aria-label=\"Combats au f\u00e9minin (s\u2019ouvre dans un nouvel onglet)\" href=\"http:\/\/jeunespages.org\/index.php\/archives\/journaux\/combats-au-feminin-2015\/\" target=\"_blank\">Combats au f\u00e9minin<\/a>, un journal th\u00e9matique (2015)<\/h2>\n\n\n\n<figure class=\"wp-block-image\"><img loading=\"lazy\" decoding=\"async\" width=\"1024\" height=\"735\" src=\"http:\/\/jeunespages.org\/wp-content\/uploads\/2020\/08\/Combats-au-f\u00e9minin-1024x735.jpg\" alt=\"\" class=\"wp-image-1400\" srcset=\"https:\/\/jeunespages.org\/wp-content\/uploads\/2020\/08\/Combats-au-f\u00e9minin-1024x735.jpg 1024w, https:\/\/jeunespages.org\/wp-content\/uploads\/2020\/08\/Combats-au-f\u00e9minin-300x215.jpg 300w, https:\/\/jeunespages.org\/wp-content\/uploads\/2020\/08\/Combats-au-f\u00e9minin-768x551.jpg 768w\" sizes=\"auto, (max-width: 767px) 89vw, (max-width: 1000px) 54vw, (max-width: 1071px) 543px, 580px\" \/><\/figure>\n\n\n\n<p>Lyc\u00e9e Simone Weil, Paris 3\u00e8<\/p>\n\n\n\n<h2 class=\"wp-block-heading\">Le Journal de Tout et Go !, des journaux \u00e0 la maternelle (2009-2014)<\/h2>\n\n\n\n<div class=\"wp-block-image\"><figure class=\"alignleft is-resized\"><img loading=\"lazy\" decoding=\"async\" src=\"http:\/\/jeunespages.org\/wp-content\/uploads\/2020\/08\/JdT-751x1024.jpg\" alt=\"\" class=\"wp-image-1399\" width=\"254\" height=\"347\" srcset=\"https:\/\/jeunespages.org\/wp-content\/uploads\/2020\/08\/JdT-751x1024.jpg 751w, https:\/\/jeunespages.org\/wp-content\/uploads\/2020\/08\/JdT-220x300.jpg 220w, https:\/\/jeunespages.org\/wp-content\/uploads\/2020\/08\/JdT-768x1047.jpg 768w, https:\/\/jeunespages.org\/wp-content\/uploads\/2020\/08\/JdT.jpg 792w\" sizes=\"auto, (max-width: 254px) 100vw, 254px\" \/><figcaption><br><\/figcaption><\/figure><\/div>\n\n\n\n<div class=\"wp-block-image\"><figure class=\"alignleft is-resized\"><img loading=\"lazy\" decoding=\"async\" src=\"http:\/\/jeunespages.org\/wp-content\/uploads\/2020\/08\/n\u00b012.jpg\" alt=\"\" class=\"wp-image-1495\" width=\"325\" height=\"325\" srcset=\"https:\/\/jeunespages.org\/wp-content\/uploads\/2020\/08\/n\u00b012.jpg 863w, https:\/\/jeunespages.org\/wp-content\/uploads\/2020\/08\/n\u00b012-150x150.jpg 150w, https:\/\/jeunespages.org\/wp-content\/uploads\/2020\/08\/n\u00b012-300x300.jpg 300w, https:\/\/jeunespages.org\/wp-content\/uploads\/2020\/08\/n\u00b012-768x768.jpg 768w, https:\/\/jeunespages.org\/wp-content\/uploads\/2020\/08\/n\u00b012-100x100.jpg 100w\" sizes=\"auto, (max-width: 325px) 100vw, 325px\" \/><\/figure><\/div>\n\n\n\n<p><\/p>\n\n\n\n<p> <\/p>\n\n\n\n<p><\/p>\n\n\n\n<p><\/p>\n\n\n\n<p class=\"has-text-align-left\">Maternelles Chapon et Paul Dubois, Paris 3\u00e8<\/p>\n\n\n\n<p><strong>ET ENCORE<\/strong><\/p>\n\n\n\n<p>2013-2014 <em>L&rsquo;univers de B<\/em>, webmagazine \u00e0 l&rsquo;\u00e9cole B\u00e9ranger, Paris 3e<\/p>\n\n\n\n<p>2013 <em>Vaucansonmonde<\/em>,   journal papier, \u00e9cole Vaucanson, Paris 3e <\/p>\n\n\n\n<p>2010-2012 <em>Gab News<\/em>,   journal papier et webmagazine,  coll\u00e8ge Gabriel Faur\u00e9, Paris 13e<\/p>\n\n\n\n<p>2009-2011 <em>Mur d&rsquo;essai<\/em>,  journal papier, lyc\u00e9e Simone Weil, Paris 3e<\/p>\n\n\n\n<p>2009-2010 <em>Le jour J<\/em>,  journal papier et webmagazine,  coll\u00e8ge M\u00e9lies, Paris 19\u00e8 <\/p>\n\n\n\n<p>2008-2009 <em>Ados<\/em> et <em>Lourd de sens<\/em>, journaux papier, coll\u00e8ge M\u00e9lies, Paris 19\u00e8<\/p>\n\n\n\n<p>2006-2010 <em>La R\u00e9union du lundi<\/em>, hebdomadaire papier, \u00e9cole Vaucanson, Paris 3e<\/p>\n","protected":false},"excerpt":{"rendered":"<p>Un \u00ab\u00a0r\u00e9seau\u00a0\u00bb de journaux dans le 19\u00e8 : Curial Multicolore (2009-2019), 118 Info, Carrel aux nouvelles (2021), Barbamonde (2021-2022) Ecoles Colette Magny, Claude Bernard, Armand Carrel et Barban\u00e8gre Au Menu du Canard, un livre pour 10 ans de journalisme jeune (2010-2020) Coll\u00e8ge Montgolfier Des revues r\u00e9alis\u00e9es pendant les vacances scolaires : La Gazette de Beaujon &hellip; <\/p>\n<p class=\"link-more\"><a href=\"https:\/\/jeunespages.org\/index.php\/archives\/journaux\/\" class=\"more-link\">Continuer la lecture<span class=\"screen-reader-text\"> de &laquo;&nbsp;Journaux&nbsp;&raquo;<\/span><\/a><\/p>\n","protected":false},"author":1,"featured_media":0,"parent":74,"menu_order":0,"comment_status":"closed","ping_status":"closed","template":"","meta":{"ngg_post_thumbnail":0,"iawp_total_views":23,"footnotes":""},"class_list":["post-1491","page","type-page","status-publish","hentry"],"_links":{"self":[{"href":"https:\/\/jeunespages.org\/index.php\/wp-json\/wp\/v2\/pages\/1491","targetHints":{"allow":["GET"]}}],"collection":[{"href":"https:\/\/jeunespages.org\/index.php\/wp-json\/wp\/v2\/pages"}],"about":[{"href":"https:\/\/jeunespages.org\/index.php\/wp-json\/wp\/v2\/types\/page"}],"author":[{"embeddable":true,"href":"https:\/\/jeunespages.org\/index.php\/wp-json\/wp\/v2\/users\/1"}],"replies":[{"embeddable":true,"href":"https:\/\/jeunespages.org\/index.php\/wp-json\/wp\/v2\/comments?post=1491"}],"version-history":[{"count":51,"href":"https:\/\/jeunespages.org\/index.php\/wp-json\/wp\/v2\/pages\/1491\/revisions"}],"predecessor-version":[{"id":3692,"href":"https:\/\/jeunespages.org\/index.php\/wp-json\/wp\/v2\/pages\/1491\/revisions\/3692"}],"up":[{"embeddable":true,"href":"https:\/\/jeunespages.org\/index.php\/wp-json\/wp\/v2\/pages\/74"}],"wp:attachment":[{"href":"https:\/\/jeunespages.org\/index.php\/wp-json\/wp\/v2\/media?parent=1491"}],"curies":[{"name":"wp","href":"https:\/\/api.w.org\/{rel}","templated":true}]}}