{"id":1484,"date":"2020-08-24T17:40:07","date_gmt":"2020-08-24T15:40:07","guid":{"rendered":"http:\/\/jeunespages.org\/?page_id=1484"},"modified":"2024-02-08T22:35:13","modified_gmt":"2024-02-08T21:35:13","slug":"poesie","status":"publish","type":"page","link":"https:\/\/jeunespages.org\/index.php\/archives\/poesie\/","title":{"rendered":"Po\u00e9sie"},"content":{"rendered":"\n<h2 class=\"wp-block-heading\" id=\"block-c2e325a4-b3d4-4224-9001-1d5083951c43\"><br><a href=\"https:\/\/jeunespages.org\/index.php\/rencontres\/\" target=\"_blank\" rel=\"noreferrer noopener\">Rencontres<\/a><\/h2>\n\n\n\n<figure class=\"wp-block-image size-large\"><img loading=\"lazy\" decoding=\"async\" width=\"1024\" height=\"673\" src=\"https:\/\/jeunespages.org\/wp-content\/uploads\/2024\/02\/rencontres-1024x673.jpg\" alt=\"\" class=\"wp-image-3749\" srcset=\"https:\/\/jeunespages.org\/wp-content\/uploads\/2024\/02\/rencontres-1024x673.jpg 1024w, https:\/\/jeunespages.org\/wp-content\/uploads\/2024\/02\/rencontres-300x197.jpg 300w, https:\/\/jeunespages.org\/wp-content\/uploads\/2024\/02\/rencontres-768x505.jpg 768w, https:\/\/jeunespages.org\/wp-content\/uploads\/2024\/02\/rencontres-1536x1010.jpg 1536w, https:\/\/jeunespages.org\/wp-content\/uploads\/2024\/02\/rencontres-2048x1346.jpg 2048w\" sizes=\"auto, (max-width: 767px) 89vw, (max-width: 1000px) 54vw, (max-width: 1071px) 543px, 580px\" \/><\/figure>\n\n\n\n<h2 class=\"wp-block-heading\"><a rel=\"noreferrer noopener\" href=\"https:\/\/jeunespages.org\/index.php\/archives\/poesie\/poesie-et-science-a-j-moulin\/\" target=\"_blank\">Po\u00e9sie et science<\/a>, po\u00e9sie et enjeux environnementaux<\/h2>\n\n\n\n<div class=\"wp-block-image\"><figure class=\"alignright size-large is-resized\"><img loading=\"lazy\" decoding=\"async\" src=\"http:\/\/jeunespages.org\/wp-content\/uploads\/2020\/11\/atelier-science-poesie-3-page-001-724x1024.jpg\" alt=\"\" class=\"wp-image-1717\" width=\"301\" height=\"425\" srcset=\"https:\/\/jeunespages.org\/wp-content\/uploads\/2020\/11\/atelier-science-poesie-3-page-001-724x1024.jpg 724w, https:\/\/jeunespages.org\/wp-content\/uploads\/2020\/11\/atelier-science-poesie-3-page-001-212x300.jpg 212w, https:\/\/jeunespages.org\/wp-content\/uploads\/2020\/11\/atelier-science-poesie-3-page-001-768x1086.jpg 768w, https:\/\/jeunespages.org\/wp-content\/uploads\/2020\/11\/atelier-science-poesie-3-page-001-1086x1536.jpg 1086w, https:\/\/jeunespages.org\/wp-content\/uploads\/2020\/11\/atelier-science-poesie-3-page-001-1448x2048.jpg 1448w, https:\/\/jeunespages.org\/wp-content\/uploads\/2020\/11\/atelier-science-poesie-3-page-001.jpg 1754w\" sizes=\"auto, (max-width: 301px) 100vw, 301px\" \/><\/figure><\/div>\n\n\n\n<p>Coll\u00e8ge J. Moulin, Paris 14\u00e8<\/p>\n\n\n\n<h2 class=\"wp-block-heading\"><a href=\"http:\/\/jeunespages.org\/index.php\/archives\/poesie\/sciences-en-toutes-lettres-2012-2017\/\" target=\"_blank\" rel=\"noreferrer noopener\" aria-label=\"Sciences en toutes lettres (s\u2019ouvre dans un nouvel onglet)\">Sciences en toutes lettres<\/a>, po\u00e9sie et science physique<\/h2>\n\n\n\n<div class=\"wp-block-image\"><figure class=\"alignleft is-resized\"><img loading=\"lazy\" decoding=\"async\" src=\"http:\/\/jeunespages.org\/wp-content\/uploads\/2019\/10\/2017-4.jpg\" alt=\"L\u2019attribut alt de cette image est vide, son nom de fichier est 2017-4.jpg.\" width=\"289\" height=\"289\"\/><figcaption>  <\/figcaption><\/figure><\/div>\n\n\n\n<div class=\"wp-block-image\"><figure class=\"alignright is-resized\"><img loading=\"lazy\" decoding=\"async\" src=\"http:\/\/jeunespages.org\/wp-content\/uploads\/2019\/11\/2017-1-1024x1024.jpg\" alt=\"L\u2019attribut alt de cette image est vide, son nom de fichier est 2017-1-1024x1024.jpg.\" width=\"288\" height=\"288\"\/><\/figure><\/div>\n\n\n\n\n\n<p>Coll\u00e8ge Montgolfier, Paris 3\u00e8<\/p>\n","protected":false},"excerpt":{"rendered":"<p>Rencontres Po\u00e9sie et science, po\u00e9sie et enjeux environnementaux Coll\u00e8ge J. Moulin, Paris 14\u00e8 Sciences en toutes lettres, po\u00e9sie et science physique Coll\u00e8ge Montgolfier, Paris 3\u00e8<\/p>\n","protected":false},"author":1,"featured_media":0,"parent":74,"menu_order":0,"comment_status":"closed","ping_status":"closed","template":"","meta":{"ngg_post_thumbnail":0,"iawp_total_views":6,"footnotes":""},"class_list":["post-1484","page","type-page","status-publish","hentry"],"_links":{"self":[{"href":"https:\/\/jeunespages.org\/index.php\/wp-json\/wp\/v2\/pages\/1484","targetHints":{"allow":["GET"]}}],"collection":[{"href":"https:\/\/jeunespages.org\/index.php\/wp-json\/wp\/v2\/pages"}],"about":[{"href":"https:\/\/jeunespages.org\/index.php\/wp-json\/wp\/v2\/types\/page"}],"author":[{"embeddable":true,"href":"https:\/\/jeunespages.org\/index.php\/wp-json\/wp\/v2\/users\/1"}],"replies":[{"embeddable":true,"href":"https:\/\/jeunespages.org\/index.php\/wp-json\/wp\/v2\/comments?post=1484"}],"version-history":[{"count":18,"href":"https:\/\/jeunespages.org\/index.php\/wp-json\/wp\/v2\/pages\/1484\/revisions"}],"predecessor-version":[{"id":3755,"href":"https:\/\/jeunespages.org\/index.php\/wp-json\/wp\/v2\/pages\/1484\/revisions\/3755"}],"up":[{"embeddable":true,"href":"https:\/\/jeunespages.org\/index.php\/wp-json\/wp\/v2\/pages\/74"}],"wp:attachment":[{"href":"https:\/\/jeunespages.org\/index.php\/wp-json\/wp\/v2\/media?parent=1484"}],"curies":[{"name":"wp","href":"https:\/\/api.w.org\/{rel}","templated":true}]}}