{"id":124,"date":"2019-10-21T12:16:55","date_gmt":"2019-10-21T10:16:55","guid":{"rendered":"http:\/\/jeunespages.org\/?page_id=124"},"modified":"2024-02-09T17:15:59","modified_gmt":"2024-02-09T16:15:59","slug":"ensemble","status":"publish","type":"page","link":"https:\/\/jeunespages.org\/index.php\/ensemble\/","title":{"rendered":"Ensemble"},"content":{"rendered":"\n<div class=\"wp-block-media-text alignwide has-media-on-the-right is-stacked-on-mobile\" style=\"grid-template-columns:auto 47%\"><figure class=\"wp-block-media-text__media\"><img loading=\"lazy\" decoding=\"async\" width=\"673\" height=\"1024\" src=\"https:\/\/jeunespages.org\/wp-content\/uploads\/2024\/02\/ensemble-3-673x1024.png\" alt=\"\" class=\"wp-image-3822 size-full\" srcset=\"https:\/\/jeunespages.org\/wp-content\/uploads\/2024\/02\/ensemble-3-673x1024.png 673w, https:\/\/jeunespages.org\/wp-content\/uploads\/2024\/02\/ensemble-3-197x300.png 197w, https:\/\/jeunespages.org\/wp-content\/uploads\/2024\/02\/ensemble-3-768x1169.png 768w, https:\/\/jeunespages.org\/wp-content\/uploads\/2024\/02\/ensemble-3-1009x1536.png 1009w, https:\/\/jeunespages.org\/wp-content\/uploads\/2024\/02\/ensemble-3-1346x2048.png 1346w\" sizes=\"auto, (max-width: 673px) 100vw, 673px\" \/><\/figure><div class=\"wp-block-media-text__content\">\n<p class=\"has-large-font-size\">  <\/p>\n\n\n\n<h3 class=\"wp-block-heading\"> L\u2019ensemble c\u2019est la totalit\u00e9 des \u00e9l\u00e9ments d\u2019un tout. \u00a0C\u2019est le tout qui contient. \u00a0C\u2019est la communaut\u00e9 des diff\u00e9rences mais c\u2019est aussi la maison qui les abrite. C\u2019est ce qui nous permet de nous lier, nous relier, d\u2019appartenir tout en restant uniques. \u00a0  C\u2019est cette apparente contradiction qui nous fascine et que nous voulons mettre en exp\u00e9rimentation. En faisant des journaux, en partageant de la po\u00e9sie ou, avec vous, en inventant d\u2019autres mani\u00e8res de cr\u00e9er pour \u00eatre, encore plus, un ensemble.  <\/h3>\n<\/div><\/div>\n","protected":false},"excerpt":{"rendered":"<p>L\u2019ensemble c\u2019est la totalit\u00e9 des \u00e9l\u00e9ments d\u2019un tout. \u00a0C\u2019est le tout qui contient. \u00a0C\u2019est la communaut\u00e9 des diff\u00e9rences mais c\u2019est aussi la maison qui les abrite. C\u2019est ce qui nous permet de nous lier, nous relier, d\u2019appartenir tout en restant uniques. \u00a0 C\u2019est cette apparente contradiction qui nous fascine et que nous voulons mettre en &hellip; <\/p>\n<p class=\"link-more\"><a href=\"https:\/\/jeunespages.org\/index.php\/ensemble\/\" class=\"more-link\">Continuer la lecture<span class=\"screen-reader-text\"> de &laquo;&nbsp;Ensemble&nbsp;&raquo;<\/span><\/a><\/p>\n","protected":false},"author":1,"featured_media":0,"parent":0,"menu_order":0,"comment_status":"closed","ping_status":"closed","template":"","meta":{"ngg_post_thumbnail":0,"iawp_total_views":16,"footnotes":""},"class_list":["post-124","page","type-page","status-publish","hentry"],"_links":{"self":[{"href":"https:\/\/jeunespages.org\/index.php\/wp-json\/wp\/v2\/pages\/124","targetHints":{"allow":["GET"]}}],"collection":[{"href":"https:\/\/jeunespages.org\/index.php\/wp-json\/wp\/v2\/pages"}],"about":[{"href":"https:\/\/jeunespages.org\/index.php\/wp-json\/wp\/v2\/types\/page"}],"author":[{"embeddable":true,"href":"https:\/\/jeunespages.org\/index.php\/wp-json\/wp\/v2\/users\/1"}],"replies":[{"embeddable":true,"href":"https:\/\/jeunespages.org\/index.php\/wp-json\/wp\/v2\/comments?post=124"}],"version-history":[{"count":7,"href":"https:\/\/jeunespages.org\/index.php\/wp-json\/wp\/v2\/pages\/124\/revisions"}],"predecessor-version":[{"id":3824,"href":"https:\/\/jeunespages.org\/index.php\/wp-json\/wp\/v2\/pages\/124\/revisions\/3824"}],"wp:attachment":[{"href":"https:\/\/jeunespages.org\/index.php\/wp-json\/wp\/v2\/media?parent=124"}],"curies":[{"name":"wp","href":"https:\/\/api.w.org\/{rel}","templated":true}]}}